{"id":2696,"date":"2024-03-27T11:00:52","date_gmt":"2024-03-27T10:00:52","guid":{"rendered":"https:\/\/vonia24.com\/?post_type=product&#038;p=2696"},"modified":"2024-07-24T11:22:57","modified_gmt":"2024-07-24T09:22:57","slug":"kludi-pureeasy-xl-vieno-sverto-praustuvo-maisytuvas-be-ileidimo-rinkinio","status":"publish","type":"product","link":"https:\/\/vonia24.com\/ru\/product\/kludi-pureeasy-xl-vieno-sverto-praustuvo-maisytuvas-be-ileidimo-rinkinio\/","title":{"rendered":"KLUDI PURE&amp;EASY XL VIENO SVERTO PRAUSTUVO MAI\u0160YTUVAS, BE \u012eLEIDIMO RINKINIO"},"content":{"rendered":"<p>KLUDI PURE&amp;EASY XL vieno sverto praustuvo mai\u0161ytuvas, be \u012fleidimo rinkinio<\/p>","protected":false},"excerpt":{"rendered":"<p>EAN:4017080087834<\/p>\n<p>SKU:372920565<\/p>\n<p>Svoris: 1.35 kg<\/p>","protected":false},"featured_media":2697,"comment_status":"closed","ping_status":"closed","template":"","meta":[],"product_cat":[26,166,185],"product_tag":[],"class_list":{"0":"post-2696","1":"product","2":"type-product","3":"status-publish","4":"has-post-thumbnail","6":"produktu-serija-pureeasy","7":"produkto-gamintojas-kludi","8":"product_cat-vonios-kambarys","9":"product_cat-vandens-maisytuvai","10":"product_cat-praustuvo-maisytuvai-praustuvai","12":"first","13":"instock","14":"sale","15":"taxable","16":"shipping-taxable","17":"purchasable","18":"product-type-simple"},"_links":{"self":[{"href":"https:\/\/vonia24.com\/ru\/wp-json\/wp\/v2\/product\/2696","targetHints":{"allow":["GET"]}}],"collection":[{"href":"https:\/\/vonia24.com\/ru\/wp-json\/wp\/v2\/product"}],"about":[{"href":"https:\/\/vonia24.com\/ru\/wp-json\/wp\/v2\/types\/product"}],"replies":[{"embeddable":true,"href":"https:\/\/vonia24.com\/ru\/wp-json\/wp\/v2\/comments?post=2696"}],"wp:featuredmedia":[{"embeddable":true,"href":"https:\/\/vonia24.com\/ru\/wp-json\/wp\/v2\/media\/2697"}],"wp:attachment":[{"href":"https:\/\/vonia24.com\/ru\/wp-json\/wp\/v2\/media?parent=2696"}],"wp:term":[{"taxonomy":"product_cat","embeddable":true,"href":"https:\/\/vonia24.com\/ru\/wp-json\/wp\/v2\/product_cat?post=2696"},{"taxonomy":"product_tag","embeddable":true,"href":"https:\/\/vonia24.com\/ru\/wp-json\/wp\/v2\/product_tag?post=2696"}],"curies":[{"name":"wp","href":"https:\/\/api.w.org\/{rel}","templated":true}]}}