{"id":2702,"date":"2024-03-27T11:48:03","date_gmt":"2024-03-27T10:48:03","guid":{"rendered":"https:\/\/vonia24.com\/?post_type=product&#038;p=2702"},"modified":"2024-07-24T11:22:53","modified_gmt":"2024-07-24T09:22:53","slug":"kludi-pureeasy-vieno-sverto-praustuvo-maisytuvas-70-su-nuoteku-rinkiniu","status":"publish","type":"product","link":"https:\/\/vonia24.com\/ru\/product\/kludi-pureeasy-vieno-sverto-praustuvo-maisytuvas-70-su-nuoteku-rinkiniu\/","title":{"rendered":"KLUDI PURE&amp;EASY VIENO SVERTO PRAUSTUVO MAI\u0160YTUVAS 70, SU NUOTEK\u0172 RINKINIU"},"content":{"rendered":"<p>KLUDI PURE&amp;EASY vieno sverto praustuvo mai\u0161ytuvas 70, su nuotek\u0173 rinkiniu<\/p>","protected":false},"excerpt":{"rendered":"<p>EAN:4017080088039<\/p>\n<p>SKU:373820565<\/p>\n<p>Svoris: 1.61 kg<\/p>","protected":false},"featured_media":2703,"comment_status":"closed","ping_status":"closed","template":"","meta":[],"product_cat":[26,166,185],"product_tag":[],"class_list":{"0":"post-2702","1":"product","2":"type-product","3":"status-publish","4":"has-post-thumbnail","6":"produktu-serija-pureeasy","7":"produkto-gamintojas-kludi","8":"product_cat-vonios-kambarys","9":"product_cat-vandens-maisytuvai","10":"product_cat-praustuvo-maisytuvai-praustuvai","12":"first","13":"instock","14":"sale","15":"taxable","16":"shipping-taxable","17":"purchasable","18":"product-type-simple"},"_links":{"self":[{"href":"https:\/\/vonia24.com\/ru\/wp-json\/wp\/v2\/product\/2702","targetHints":{"allow":["GET"]}}],"collection":[{"href":"https:\/\/vonia24.com\/ru\/wp-json\/wp\/v2\/product"}],"about":[{"href":"https:\/\/vonia24.com\/ru\/wp-json\/wp\/v2\/types\/product"}],"replies":[{"embeddable":true,"href":"https:\/\/vonia24.com\/ru\/wp-json\/wp\/v2\/comments?post=2702"}],"wp:featuredmedia":[{"embeddable":true,"href":"https:\/\/vonia24.com\/ru\/wp-json\/wp\/v2\/media\/2703"}],"wp:attachment":[{"href":"https:\/\/vonia24.com\/ru\/wp-json\/wp\/v2\/media?parent=2702"}],"wp:term":[{"taxonomy":"product_cat","embeddable":true,"href":"https:\/\/vonia24.com\/ru\/wp-json\/wp\/v2\/product_cat?post=2702"},{"taxonomy":"product_tag","embeddable":true,"href":"https:\/\/vonia24.com\/ru\/wp-json\/wp\/v2\/product_tag?post=2702"}],"curies":[{"name":"wp","href":"https:\/\/api.w.org\/{rel}","templated":true}]}}