{"id":2714,"date":"2024-03-27T13:06:56","date_gmt":"2024-03-27T12:06:56","guid":{"rendered":"https:\/\/vonia24.com\/?post_type=product&#038;p=2714"},"modified":"2024-07-24T11:22:48","modified_gmt":"2024-07-24T09:22:48","slug":"kludi-puresolid-potinkinis-duso-maisytuvas","status":"publish","type":"product","link":"https:\/\/vonia24.com\/ru\/product\/kludi-puresolid-potinkinis-duso-maisytuvas\/","title":{"rendered":"KLUDI PURE&amp;SOLID POTINKINIS DU\u0160O MAI\u0160YTUVAS"},"content":{"rendered":"<p>KLUDI PURE&amp;SOLID potinkinis du\u0161o mai\u0161ytuvas<\/p>","protected":false},"excerpt":{"rendered":"<p>EAN: 4021344092410<\/p>\n<p>SKU:346550575<\/p>\n<p>Svoris: 2.077 kg<\/p>","protected":false},"featured_media":2715,"comment_status":"closed","ping_status":"closed","template":"","meta":[],"product_cat":[26,166,170],"product_tag":[],"class_list":{"0":"post-2714","1":"product","2":"type-product","3":"status-publish","4":"has-post-thumbnail","6":"produktu-serija-puresolid","7":"produkto-gamintojas-kludi","8":"product_cat-vonios-kambarys","9":"product_cat-vandens-maisytuvai","10":"product_cat-duso-maisytuvai-vandens-maisytuvai","12":"first","13":"instock","14":"sale","15":"taxable","16":"shipping-taxable","17":"purchasable","18":"product-type-simple"},"_links":{"self":[{"href":"https:\/\/vonia24.com\/ru\/wp-json\/wp\/v2\/product\/2714","targetHints":{"allow":["GET"]}}],"collection":[{"href":"https:\/\/vonia24.com\/ru\/wp-json\/wp\/v2\/product"}],"about":[{"href":"https:\/\/vonia24.com\/ru\/wp-json\/wp\/v2\/types\/product"}],"replies":[{"embeddable":true,"href":"https:\/\/vonia24.com\/ru\/wp-json\/wp\/v2\/comments?post=2714"}],"wp:featuredmedia":[{"embeddable":true,"href":"https:\/\/vonia24.com\/ru\/wp-json\/wp\/v2\/media\/2715"}],"wp:attachment":[{"href":"https:\/\/vonia24.com\/ru\/wp-json\/wp\/v2\/media?parent=2714"}],"wp:term":[{"taxonomy":"product_cat","embeddable":true,"href":"https:\/\/vonia24.com\/ru\/wp-json\/wp\/v2\/product_cat?post=2714"},{"taxonomy":"product_tag","embeddable":true,"href":"https:\/\/vonia24.com\/ru\/wp-json\/wp\/v2\/product_tag?post=2714"}],"curies":[{"name":"wp","href":"https:\/\/api.w.org\/{rel}","templated":true}]}}