{"id":2724,"date":"2024-03-27T13:48:07","date_gmt":"2024-03-27T12:48:07","guid":{"rendered":"https:\/\/vonia24.com\/?post_type=product&#038;p=2724"},"modified":"2024-07-24T11:22:44","modified_gmt":"2024-07-24T09:22:44","slug":"kludi-purestyle-potinkinis-vonios-ir-duso-maisytuvas","status":"publish","type":"product","link":"https:\/\/vonia24.com\/ru\/product\/kludi-purestyle-potinkinis-vonios-ir-duso-maisytuvas\/","title":{"rendered":"KLUDI PURE&amp;STYLE POTINKINIS VONIOS IR DU\u0160O MAI\u0160YTUVAS"},"content":{"rendered":"<p>KLUDI PURE&amp;STYLE potinkinis vonios ir du\u0161o mai\u0161ytuvas<br \/>\nTermostatinis: ne<\/p>","protected":false},"excerpt":{"rendered":"<p>EAN: 4021344092366<\/p>\n<p>SKU:404190575<\/p>\n<p>Svoris: 0.661 kg<\/p>","protected":false},"featured_media":2725,"comment_status":"closed","ping_status":"closed","template":"","meta":[],"product_cat":[26,166,169],"product_tag":[],"class_list":{"0":"post-2724","1":"product","2":"type-product","3":"status-publish","4":"has-post-thumbnail","6":"produktu-serija-purestyle","7":"produkto-gamintojas-kludi","8":"product_cat-vonios-kambarys","9":"product_cat-vandens-maisytuvai","10":"product_cat-vonios-maisytuvai-vandens-maisytuvai","12":"first","13":"instock","14":"sale","15":"taxable","16":"shipping-taxable","17":"purchasable","18":"product-type-simple"},"_links":{"self":[{"href":"https:\/\/vonia24.com\/ru\/wp-json\/wp\/v2\/product\/2724","targetHints":{"allow":["GET"]}}],"collection":[{"href":"https:\/\/vonia24.com\/ru\/wp-json\/wp\/v2\/product"}],"about":[{"href":"https:\/\/vonia24.com\/ru\/wp-json\/wp\/v2\/types\/product"}],"replies":[{"embeddable":true,"href":"https:\/\/vonia24.com\/ru\/wp-json\/wp\/v2\/comments?post=2724"}],"wp:featuredmedia":[{"embeddable":true,"href":"https:\/\/vonia24.com\/ru\/wp-json\/wp\/v2\/media\/2725"}],"wp:attachment":[{"href":"https:\/\/vonia24.com\/ru\/wp-json\/wp\/v2\/media?parent=2724"}],"wp:term":[{"taxonomy":"product_cat","embeddable":true,"href":"https:\/\/vonia24.com\/ru\/wp-json\/wp\/v2\/product_cat?post=2724"},{"taxonomy":"product_tag","embeddable":true,"href":"https:\/\/vonia24.com\/ru\/wp-json\/wp\/v2\/product_tag?post=2724"}],"curies":[{"name":"wp","href":"https:\/\/api.w.org\/{rel}","templated":true}]}}