{"id":392,"date":"2023-09-26T11:12:49","date_gmt":"2023-09-26T09:12:49","guid":{"rendered":"https:\/\/vonia24.com\/?post_type=product&#038;p=392"},"modified":"2024-07-24T11:24:32","modified_gmt":"2024-07-24T09:24:32","slug":"recuperator-aria-vitale-silver-450","status":"publish","type":"product","link":"https:\/\/vonia24.com\/ru\/product\/recuperator-aria-vitale-silver-450\/","title":{"rendered":"REKUPERATORIUS ARIA VITALE SILVER 450"},"content":{"rendered":"<p>\u012eranga:<\/p>\n<div>&#8211; temperat\u016bros jutiklis<\/div>\n<div>&#8211; prie\u0161prie\u0161in\u0117s srov\u0117s \u0161ilumokaitis<\/div>\n<div>\u0161ilumokaitis<\/div>\n<div>&#8211; stiklinis jutiklinis skydelis<\/div>\n<div>valdymo skydelis<\/div>\n<div>&#8211; Wi-Fi \/ ry\u0161ys<\/div>\n<div>belaidis ry\u0161ys<\/div>\n<div>&#8211; u\u017e\u0161aldymo nuo u\u017e\u0161alimo sistema<\/div>\n<div>su \u0161ildytuvu<\/div>\n<div>&#8211; 100 % automatinis ap\u0117jimas<\/div>\n<div>&#8211; montavimo laikikliai ir kojel\u0117s<\/div>\n<div><\/div>\n<div>Auk\u0161tis \/ plotis \/ gylis<\/div>\n<div>[mm]:<\/div>\n<div>900\/937\/365<\/div>\n<div><\/div>","protected":false},"excerpt":{"rendered":"<p>EAN: 5908226245159<\/p>\n<p>SKU: 52545011100W<\/p>\n<p>Svoris: 27.5 kg<\/p>","protected":false},"featured_media":391,"comment_status":"closed","ping_status":"closed","template":"","meta":[],"product_cat":[29,125,126],"product_tag":[],"class_list":{"0":"post-392","1":"product","2":"type-product","3":"status-publish","4":"has-post-thumbnail","6":"produktu-serija-aria-vitale","7":"produkto-gamintojas-heatpex","8":"product_cat-sildymas-vedinimas","9":"product_cat-rekuperatoriai","10":"product_cat-aria-vitale-silver","12":"first","13":"instock","14":"sale","15":"taxable","16":"shipping-taxable","17":"purchasable","18":"product-type-simple"},"_links":{"self":[{"href":"https:\/\/vonia24.com\/ru\/wp-json\/wp\/v2\/product\/392","targetHints":{"allow":["GET"]}}],"collection":[{"href":"https:\/\/vonia24.com\/ru\/wp-json\/wp\/v2\/product"}],"about":[{"href":"https:\/\/vonia24.com\/ru\/wp-json\/wp\/v2\/types\/product"}],"replies":[{"embeddable":true,"href":"https:\/\/vonia24.com\/ru\/wp-json\/wp\/v2\/comments?post=392"}],"wp:featuredmedia":[{"embeddable":true,"href":"https:\/\/vonia24.com\/ru\/wp-json\/wp\/v2\/media\/391"}],"wp:attachment":[{"href":"https:\/\/vonia24.com\/ru\/wp-json\/wp\/v2\/media?parent=392"}],"wp:term":[{"taxonomy":"product_cat","embeddable":true,"href":"https:\/\/vonia24.com\/ru\/wp-json\/wp\/v2\/product_cat?post=392"},{"taxonomy":"product_tag","embeddable":true,"href":"https:\/\/vonia24.com\/ru\/wp-json\/wp\/v2\/product_tag?post=392"}],"curies":[{"name":"wp","href":"https:\/\/api.w.org\/{rel}","templated":true}]}}