{"id":393,"date":"2023-09-26T11:27:10","date_gmt":"2023-09-26T09:27:10","guid":{"rendered":"https:\/\/vonia24.com\/?post_type=product&#038;p=393"},"modified":"2024-07-24T11:52:26","modified_gmt":"2024-07-24T09:52:26","slug":"heat-pump-york-ykf04anbw-split-4kw","status":"publish","type":"product","link":"https:\/\/vonia24.com\/ru\/product\/heat-pump-york-ykf04anbw-split-4kw\/","title":{"rendered":"\u0160ILUMOS SIURBLYS YORK YKF04ANBW SPLIT 4KW"},"content":{"rendered":"<p>I\u0161sami informacija apie gamin\u012f<\/p>\n<div><\/div>\n<div>Siurblio tipas<\/div>\n<div>Splitas<\/div>\n<div>\u012erenginio galia<\/div>\n<div>4 kW<\/div>\n<div>Elektrinis \u0161ildytuvas<\/div>\n<div>3 kW<\/div>\n<div>La\u0161\u0117jimo pad\u0117klo \u0161ildymas<\/div>\n<div>NE (pasirinktinai)<\/div>\n<div>Wi-Fi valdymas<\/div>\n<div>TAIP<\/div>\n<div>COP (A7\/W35)<\/div>\n<div>5,20<\/div>\n<div>Spalva<\/div>\n<div>Balta<\/div>\n<div>Garantija<\/div>\n<div>2 metai (standartin\u0117)<\/div>\n<div><\/div>\n<div>\u0160ildymas A7\/W35<\/div>\n<div>Maitinimas<\/div>\n<div>4,25 kW<\/div>\n<div>Nominalusis energijos suvartojimas<\/div>\n<div>0,82 kW<\/div>\n<div>COP<\/div>\n<div>5,20<\/div>\n<div><\/div>\n<div>\u0160ildymas A7\/W55<\/div>\n<div>Maitinimas<\/div>\n<div>4,40 kW<\/div>\n<div>Vardin\u0117 \u012fvadin\u0117 galia<\/div>\n<div>1,49 kW<\/div>\n<div>COP<\/div>\n<div>2,95<\/div>\n<div><\/div>\n<div>\u0160ildymas A-7\/W35<\/div>\n<div>Maitinimas<\/div>\n<div>4,80 kW<\/div>\n<div>Vardin\u0117 \u012fvadin\u0117 galia<\/div>\n<div>1,52 kW<\/div>\n<div>COP<\/div>\n<div>3,15<\/div>\n<div><\/div>\n<div>\u0160ildymas A-7\/W55<\/div>\n<div>Maitinimas<\/div>\n<div>4,00 kW<\/div>\n<div>Vardin\u0117 \u012fvadin\u0117 galia<\/div>\n<div>2,05 kW<\/div>\n<div>COP<\/div>\n<div>1,95<\/div>\n<div><\/div>\n<div>Au\u0161inimas A35\/W18<\/div>\n<div>Maitinimas<\/div>\n<div>4,50 kW<\/div>\n<div>Nominaliosios galios s\u0105naudos<\/div>\n<div>0,81 kW<\/div>\n<div>EER<\/div>\n<div>5,55<\/div>\n<div><\/div>\n<div>Au\u0161inimas A35\/W7<\/div>\n<div>Maitinimas<\/div>\n<div>4,70 kW<\/div>\n<div>Nominalusis suvartojamos galios kiekis<\/div>\n<div>1,36 kW<\/div>\n<div>EER<\/div>\n<div>3,45<\/div>\n<div><\/div>\n<div>Maitinimo \u0161altinis (V\/PF\/Hz)<\/div>\n<div>220-240\/1\/50<\/div>\n<div><\/div>\n<div>Rekomenduojamas saugiklis: 20 A<\/div>\n<div><\/div>\n<div>Rekomenduojamas kabelio skerspj\u016bvis: 3 x 4,0 mm2<\/div>\n<div><\/div>\n<div><em data-redactor-tag=\"em\">Energijos vartojimo efektyvumo klas\u0117<\/em><\/div>\n<div>I\u0161leid\u017eiamas vanduo (35 \u00b0C)<\/div>\n<div>A+++<\/div>\n<div>I\u0161leid\u017eiamas vanduo (55 \u00b0C)<\/div>\n<div>A++<\/div>\n<div><\/div>\n<div>\u0160altne\u0161is<\/div>\n<div>Tipas (GWP)<\/div>\n<div>R32 (675)<\/div>\n<div>\u0160altne\u0161io \u012fkrovos kiekis: 1,50 kg<\/div>\n<div>Garso galios lygis: 56 dB<\/div>\n<p>\u012erenginio matmenys<\/p>\n<div>Plotis 1008 mm \/Auk\u0161tis 712 mm \/ Gylis 426 mm<\/div>\n<p>Pakuot\u0117s matmenys<\/p>\n<div>Plotis 1065 mm \/ Auk\u0161tis 800 mm \/ Gylis 485 mm<\/div>\n<p>Grynasis \/ bendrasis svoris<\/p>\n<div>60 \/ 65,5 kg<\/div>\n<div><\/div>\n<div>Vandens siurblys<\/div>\n<div>Did\u017eiausias vandens stulpas: 9 m<\/div>\n<p>Vandens pus\u0117s jungtis: R1&#8243;<\/p>\n<div><\/div>\n<div>Darbinis diapazonas &#8211; lauko oro temperat\u016bra<\/div>\n<div>\u0160ildymas:\u00a0-25 \u00f7 35\u00b0C<\/div>\n<div>Kar\u0161to vandens ruo\u0161imas: -25 \u00f7 43\u00b0C<\/div>\n<div>V\u0117sinimas:\u00a0-5 \u00f7 43\u00b0C<\/div>\n<div><\/div>\n<div>Vandens temperat\u016bros nustatymo diapazonas<\/div>\n<div>\u0160ildymas: 25 \u00f7 65\u00b0C<\/div>\n<div>Kar\u0161to vandens ruo\u0161imas: 30 \u00f7 60\u00b0C<\/div>\n<div>V\u0117sinimas: 5 \u00f7 25\u00b0C<\/div>","protected":false},"excerpt":{"rendered":"<p>SKU: YKF04ANB060E3<\/p>\n<p>Svoris: 65.5 kg<\/p>","protected":false},"featured_media":395,"comment_status":"closed","ping_status":"closed","template":"","meta":[],"product_cat":[29,129,130],"product_tag":[],"class_list":{"0":"post-393","1":"product","2":"type-product","3":"status-publish","4":"has-post-thumbnail","6":"produktu-serija-split","7":"produkto-gamintojas-york","8":"product_cat-sildymas-vedinimas","9":"product_cat-silumos-siurbliai-sildymas","10":"product_cat-silumos-siurbliai-split","12":"first","13":"instock","14":"sale","15":"taxable","16":"shipping-taxable","17":"purchasable","18":"product-type-simple"},"_links":{"self":[{"href":"https:\/\/vonia24.com\/ru\/wp-json\/wp\/v2\/product\/393","targetHints":{"allow":["GET"]}}],"collection":[{"href":"https:\/\/vonia24.com\/ru\/wp-json\/wp\/v2\/product"}],"about":[{"href":"https:\/\/vonia24.com\/ru\/wp-json\/wp\/v2\/types\/product"}],"replies":[{"embeddable":true,"href":"https:\/\/vonia24.com\/ru\/wp-json\/wp\/v2\/comments?post=393"}],"wp:featuredmedia":[{"embeddable":true,"href":"https:\/\/vonia24.com\/ru\/wp-json\/wp\/v2\/media\/395"}],"wp:attachment":[{"href":"https:\/\/vonia24.com\/ru\/wp-json\/wp\/v2\/media?parent=393"}],"wp:term":[{"taxonomy":"product_cat","embeddable":true,"href":"https:\/\/vonia24.com\/ru\/wp-json\/wp\/v2\/product_cat?post=393"},{"taxonomy":"product_tag","embeddable":true,"href":"https:\/\/vonia24.com\/ru\/wp-json\/wp\/v2\/product_tag?post=393"}],"curies":[{"name":"wp","href":"https:\/\/api.w.org\/{rel}","templated":true}]}}