{"id":440,"date":"2023-09-26T14:37:57","date_gmt":"2023-09-26T12:37:57","guid":{"rendered":"https:\/\/vonia24.com\/?post_type=product&#038;p=440"},"modified":"2024-07-24T11:51:58","modified_gmt":"2024-07-24T09:51:58","slug":"heat-pump-york-ykf22crb-monoblock-22kw","status":"publish","type":"product","link":"https:\/\/vonia24.com\/ru\/product\/heat-pump-york-ykf22crb-monoblock-22kw\/","title":{"rendered":"\u0160ILUMOS SIURBLYS YORK YKF22CRB MONOBLOKAS 22KW"},"content":{"rendered":"<p>I\u0161sami informacija apie gamin\u012f<\/p>\n<p>Siurblio tipas<br \/>\nmonoblokinis<br \/>\n\u012erenginio galia<br \/>\n22 kW<br \/>\nElektrinis \u0161ildytuvas<br \/>\nNE<br \/>\nLa\u0161\u0117jimo pad\u0117klo \u0161ildymas<br \/>\nNE (pasirinktinai)<br \/>\nWi-Fi valdymas<br \/>\nTAIP<br \/>\nCOP (A7\/W35)<br \/>\n4,40<br \/>\nSpalva<br \/>\nBalta<br \/>\nGarantija<br \/>\n2 metai (standartin\u0117)<\/p>\n<p>\u0160ildymas A7\/W35<br \/>\nMaitinimas<br \/>\n22,00 kW<br \/>\nNominaliosios galios s\u0105naudos<br \/>\n5,00 kW<br \/>\nCOP<br \/>\n4,40<\/p>\n<p>\u0160ildymas A7\/W55<br \/>\nGalia<br \/>\n22,00 kW<br \/>\nVardin\u0117 \u012fvadin\u0117 galia<br \/>\n8,30 kW<br \/>\nCOP<br \/>\n2,65<\/p>\n<p>\u0160ildymas A-7\/W35<br \/>\nMaitinimas<br \/>\n21,00 kW<br \/>\nVardin\u0117 \u012fvadin\u0117 galia<br \/>\n8,08 kW<br \/>\nCOP<br \/>\n2,60<\/p>\n<p>\u0160ildymas A-7\/W55<br \/>\nMaitinimas<br \/>\n18,00 kW<br \/>\nVardin\u0117 \u012fvadin\u0117 galia<br \/>\n11,61 kW<br \/>\nCOP<br \/>\n1,55<\/p>\n<p>Au\u0161inimas A35\/W18<br \/>\nMaitinimas<br \/>\n23,00 kW<br \/>\nVardin\u0117 \u012f\u0117jimo galia<br \/>\n5,00 kW<br \/>\nEER<br \/>\n4,60<\/p>\n<p>Au\u0161inimas A35\/W7<br \/>\nMaitinimas<br \/>\n21,00 kW<br \/>\nVardin\u0117 \u012f\u0117jimo galia<br \/>\n7,12 kW<br \/>\nEER<br \/>\n2,95<\/p>\n<p>Maitinimo \u0161altinis (V\/PF\/Hz)<br \/>\n380-415\/3\/50<\/p>\n<p>Rekomenduojamas saugiklis<br \/>\n25 A<\/p>\n<p>Rekomenduojamas kabelio skerspj\u016bvis<br \/>\n5 x 6,0 mm2<\/p>\n<p>\u012emontuotas elektrinis \u0161ildytuvas<br \/>\nN\u0116RA<\/p>\n<p>Energijos vartojimo efektyvumo klas\u0117<br \/>\nI\u0161leid\u017eiamas vanduo (35 \u00b0C)<br \/>\nA+++<br \/>\nI\u0161leid\u017eiamas vanduo (55\u00b0C)<br \/>\nA++<\/p>\n<p>\u0160altne\u0161is<br \/>\nTipas (GWP)<br \/>\nR32 (675)<br \/>\n\u0160altne\u0161io \u012fkrovos kiekis<br \/>\n5,0 kg<br \/>\nGarso galios lygis<br \/>\n73 dB<\/p>\n<p>\u012erenginio matmenys<br \/>\nPlotis<br \/>\n1129 mm<br \/>\nAuk\u0161tis<br \/>\n1558 mm<br \/>\nGylis<br \/>\n440 mm<\/p>\n<p>Pakuot\u0117s matmenys<br \/>\nPlotis<br \/>\n1220 mm<br \/>\nAuk\u0161tis<br \/>\n1735 mm<br \/>\nGylis<br \/>\n565 mm<\/p>\n<p>Grynasis \/ bendrasis svoris<br \/>\n177 \/ 206 kg<\/p>\n<p>Vandens siurblys<br \/>\nDid\u017eiausias vandens stulpas<br \/>\n12 m<br \/>\nVandens pus\u0117s jungtis<br \/>\nR5\/4&#8243;<\/p>\n<p>Darbinis diapazonas &#8211; lauko oro temperat\u016bra<br \/>\n\u0160ildymas<br \/>\n-25 \u00f7 35\u00b0C<br \/>\nKar\u0161to vandens ruo\u0161imas<br \/>\n-25 \u00f7 43\u00b0C<br \/>\nV\u0117sinimas<br \/>\n-5 \u00f7 46\u00b0C<\/p>\n<p>Vandens temperat\u016bros nustatymo diapazonas<br \/>\n\u0160ildymas<br \/>\n25 \u00f7 60\u00b0C<br \/>\nKar\u0161to vandens ruo\u0161imas<br \/>\n30 \u00f7 60\u00b0C<br \/>\nV\u0117sinimas<br \/>\n5 \u00f7 25\u00b0C<\/p>","protected":false},"excerpt":{"rendered":"<p>SKU:YKF22CRBW<\/p>\n<p>Svoris: 206.0 kg<\/p>","protected":false},"featured_media":443,"comment_status":"closed","ping_status":"closed","template":"","meta":[],"product_cat":[29,129,131],"product_tag":[],"class_list":{"0":"post-440","1":"product","2":"type-product","3":"status-publish","4":"has-post-thumbnail","6":"produktu-serija-monoblock","7":"produkto-gamintojas-york","8":"product_cat-sildymas-vedinimas","9":"product_cat-silumos-siurbliai-sildymas","10":"product_cat-monoblock-silumos-siurbliai","12":"first","13":"instock","14":"sale","15":"taxable","16":"shipping-taxable","17":"purchasable","18":"product-type-simple"},"_links":{"self":[{"href":"https:\/\/vonia24.com\/ru\/wp-json\/wp\/v2\/product\/440","targetHints":{"allow":["GET"]}}],"collection":[{"href":"https:\/\/vonia24.com\/ru\/wp-json\/wp\/v2\/product"}],"about":[{"href":"https:\/\/vonia24.com\/ru\/wp-json\/wp\/v2\/types\/product"}],"replies":[{"embeddable":true,"href":"https:\/\/vonia24.com\/ru\/wp-json\/wp\/v2\/comments?post=440"}],"wp:featuredmedia":[{"embeddable":true,"href":"https:\/\/vonia24.com\/ru\/wp-json\/wp\/v2\/media\/443"}],"wp:attachment":[{"href":"https:\/\/vonia24.com\/ru\/wp-json\/wp\/v2\/media?parent=440"}],"wp:term":[{"taxonomy":"product_cat","embeddable":true,"href":"https:\/\/vonia24.com\/ru\/wp-json\/wp\/v2\/product_cat?post=440"},{"taxonomy":"product_tag","embeddable":true,"href":"https:\/\/vonia24.com\/ru\/wp-json\/wp\/v2\/product_tag?post=440"}],"curies":[{"name":"wp","href":"https:\/\/api.w.org\/{rel}","templated":true}]}}