{"id":449,"date":"2023-09-28T10:54:18","date_gmt":"2023-09-28T08:54:18","guid":{"rendered":"https:\/\/vonia24.com\/?post_type=product&#038;p=449"},"modified":"2024-07-22T12:09:48","modified_gmt":"2024-07-22T10:09:48","slug":"grohe-euphoria-260-shower-system-with-thermostat-wall-mounted-chrome-rain-shower-3-jets-with-flow-limiter-9-5l-min-hand-3-jets-with-flow-limiter-9-5l-min-450mm-shower-arm-safety-lock","status":"publish","type":"product","link":"https:\/\/vonia24.com\/ru\/product\/grohe-euphoria-260-shower-system-with-thermostat-wall-mounted-chrome-rain-shower-3-jets-with-flow-limiter-9-5l-min-hand-3-jets-with-flow-limiter-9-5l-min-450mm-shower-arm-safety-lock\/","title":{"rendered":"GROHE EUPHORIA 260 &#8211; DU\u0160O SISTEMA SU TERMOSTATU, SIENIN\u0116, MONTUOJAMA ANT VIR\u0160TINKINIS, CHROMAS, LIETAUS DU\u0160AS, 3 PURK\u0160TUKAI SU SRAUTO RIBOTUVU 9,5 L\/MIN, RANKINIS DU\u0160AS, 3 PURK\u0160TUKAI SU SRAUTO RIBOTUVU 9,5 L\/MIN, 450 MM DU\u0160O RANKENA, APSAUGINIS U\u017dRAKTAS"},"content":{"rendered":"<p>Sudedamosios dalys:<br \/>\nhorizontalus pasukamas petys 450 mm<br \/>\natviras termostatas su Aquadimmer funkcija<br \/>\njungiklis: lietaus du\u0161o galva\/rankinis du\u0161as<br \/>\nRainshower Euphoria 260 (26 457)<br \/>\nRain, SmartRain, Jet<br \/>\nsu rutuliniu ir lizdiniu \u0161arnyru<br \/>\npasukimo kampas \u00b1 15\u00b0<br \/>\nRank\u0173 du\u0161as Euphoria 110 Massage (27 239)<br \/>\n3 purk\u0161tuk\u0173 tipai:<br \/>\nRain, Massage, SmartRain<br \/>\nReguliuojamas du\u0161o laikiklis<br \/>\nSilverflex du\u0161o \u017earna 1750 mm (28 388)<br \/>\nGROHE TurboStat termostatin\u0117 du\u0161o galvut\u0117<br \/>\nGROHE SafeStop u\u017erakto mechanizmas esant 38 \u00b0C temperat\u016brai<br \/>\nGROHE SafeStop Plus \u012ftrauktas pasirenkamas temperat\u016bros ribotuvas 43\u00b0C<br \/>\nGROHE CoolTouch n\u0117ra nudegim\u0173 nuo kar\u0161t\u0173 pavir\u0161i\u0173 pavojaus<br \/>\nGROHE ProGrip rankenos su rantyta strukt\u016bra<br \/>\nGROHE DreamSpray &#8211; tobulas du\u0161as<br \/>\nGROHE StarLight chromo apdaila<br \/>\nGROHE SprayDimmer (bepakopis<br \/>\nsrauto suma\u017einimas)<br \/>\nGROHE EcoJoy srauto ribotuvas 9,5 l\/min<br \/>\nGROHE FastFixation reguliuojamas vir\u0161utinis laikiklis<br \/>\nVidinis vandens kanalas<br \/>\nSpeedClean apsaugos nuo apna\u0161\u0173 sistema<br \/>\nTwistfree sistema, apsauganti du\u0161o \u017earn\u0105 nuo susisukimo<br \/>\nPritaikomas momentiniams vandens \u0161ildytuvams<br \/>\nminimali galia 18 kW<br \/>\nmin. srautas 7 l\/min.<br \/>\nPapildomi priedai: GROHE EasyReach lentyn\u0117l\u0117 (26 362 LN0), u\u017esakoma atskirai<br \/>\nProdukto variantas: Professional<\/p>","protected":false},"excerpt":{"rendered":"<p>EAN: 4005176647970<\/p>\n<p>SKU: 27615002<\/p>\n<p>Svoris: 7.6 kg<\/p>","protected":false},"featured_media":450,"comment_status":"closed","ping_status":"closed","template":"","meta":[],"product_cat":[26],"product_tag":[],"class_list":{"0":"post-449","1":"product","2":"type-product","3":"status-publish","4":"has-post-thumbnail","6":"produktu-serija-euphoria-system","7":"produkto-gamintojas-grohe","8":"product_cat-vonios-kambarys","10":"first","11":"instock","12":"sale","13":"taxable","14":"shipping-taxable","15":"purchasable","16":"product-type-simple"},"_links":{"self":[{"href":"https:\/\/vonia24.com\/ru\/wp-json\/wp\/v2\/product\/449","targetHints":{"allow":["GET"]}}],"collection":[{"href":"https:\/\/vonia24.com\/ru\/wp-json\/wp\/v2\/product"}],"about":[{"href":"https:\/\/vonia24.com\/ru\/wp-json\/wp\/v2\/types\/product"}],"replies":[{"embeddable":true,"href":"https:\/\/vonia24.com\/ru\/wp-json\/wp\/v2\/comments?post=449"}],"wp:featuredmedia":[{"embeddable":true,"href":"https:\/\/vonia24.com\/ru\/wp-json\/wp\/v2\/media\/450"}],"wp:attachment":[{"href":"https:\/\/vonia24.com\/ru\/wp-json\/wp\/v2\/media?parent=449"}],"wp:term":[{"taxonomy":"product_cat","embeddable":true,"href":"https:\/\/vonia24.com\/ru\/wp-json\/wp\/v2\/product_cat?post=449"},{"taxonomy":"product_tag","embeddable":true,"href":"https:\/\/vonia24.com\/ru\/wp-json\/wp\/v2\/product_tag?post=449"}],"curies":[{"name":"wp","href":"https:\/\/api.w.org\/{rel}","templated":true}]}}