{"id":482,"date":"2023-09-28T12:48:43","date_gmt":"2023-09-28T10:48:43","guid":{"rendered":"https:\/\/vonia24.com\/?post_type=product&#038;p=482"},"modified":"2024-07-22T12:09:44","modified_gmt":"2024-07-22T10:09:44","slug":"bauloop-shower-mixer","status":"publish","type":"product","link":"https:\/\/vonia24.com\/ru\/product\/bauloop-shower-mixer\/","title":{"rendered":"BAULOOP DU\u0160O MAI\u0160YTUVAS"},"content":{"rendered":"<p>BauLoop<br \/>\nVieno sverto sieninis du\u0161o mai\u0161ytuvas Metalin\u0117 svirtis<br \/>\n46 mm keramin\u0117 galvut\u0117 su &#8222;GROHE SilkMove<br \/>\nChromo danga su &#8222;GROHE StarLight<br \/>\nReguliuojamas srauto ribotuvas Du\u0161o i\u0161leidimo anga apa\u010dioje 1\/2&#8221;<br \/>\nSu integruotu atbuliniu vo\u017etuvu S jungtis metalin\u0117 sienin\u0117 rozet\u0117<br \/>\nPasirenkamas temperat\u016bros ribotuvas<br \/>\nDu\u0161o reikmenys: taip<br \/>\nJungties tipas: Pasl\u0117ptas<br \/>\nBendras auk\u0161tis: 150 mm<\/p>","protected":false},"excerpt":{"rendered":"<p>EAN: 4005176934445<\/p>\n<p>SKU: 23340000<\/p>\n<p>Svoris: 1.51 kg<\/p>","protected":false},"featured_media":483,"comment_status":"closed","ping_status":"closed","template":"","meta":[],"product_cat":[26,166,170],"product_tag":[],"class_list":{"0":"post-482","1":"product","2":"type-product","3":"status-publish","4":"has-post-thumbnail","6":"produktu-serija-bauloop","7":"produkto-gamintojas-grohe","8":"product_cat-vonios-kambarys","9":"product_cat-vandens-maisytuvai","10":"product_cat-duso-maisytuvai-vandens-maisytuvai","12":"first","13":"instock","14":"sale","15":"taxable","16":"shipping-taxable","17":"purchasable","18":"product-type-simple"},"_links":{"self":[{"href":"https:\/\/vonia24.com\/ru\/wp-json\/wp\/v2\/product\/482","targetHints":{"allow":["GET"]}}],"collection":[{"href":"https:\/\/vonia24.com\/ru\/wp-json\/wp\/v2\/product"}],"about":[{"href":"https:\/\/vonia24.com\/ru\/wp-json\/wp\/v2\/types\/product"}],"replies":[{"embeddable":true,"href":"https:\/\/vonia24.com\/ru\/wp-json\/wp\/v2\/comments?post=482"}],"wp:featuredmedia":[{"embeddable":true,"href":"https:\/\/vonia24.com\/ru\/wp-json\/wp\/v2\/media\/483"}],"wp:attachment":[{"href":"https:\/\/vonia24.com\/ru\/wp-json\/wp\/v2\/media?parent=482"}],"wp:term":[{"taxonomy":"product_cat","embeddable":true,"href":"https:\/\/vonia24.com\/ru\/wp-json\/wp\/v2\/product_cat?post=482"},{"taxonomy":"product_tag","embeddable":true,"href":"https:\/\/vonia24.com\/ru\/wp-json\/wp\/v2\/product_tag?post=482"}],"curies":[{"name":"wp","href":"https:\/\/api.w.org\/{rel}","templated":true}]}}