{"id":486,"date":"2023-09-28T13:06:41","date_gmt":"2023-09-28T11:06:41","guid":{"rendered":"https:\/\/vonia24.com\/?post_type=product&#038;p=486"},"modified":"2024-07-22T12:19:39","modified_gmt":"2024-07-22T10:19:39","slug":"euphoria-cosmopolitan-point-set","status":"publish","type":"product","link":"https:\/\/vonia24.com\/ru\/product\/euphoria-cosmopolitan-point-set\/","title":{"rendered":"EUPHORIA COSMOPOLITAN &#8211; TA\u0160K\u0172 RINKINYS"},"content":{"rendered":"<p>Sudedamosios dalys:<br \/>\nRankinis du\u0161as<br \/>\nSieninis laikiklis (27 056 000)<br \/>\nSilverflex du\u0161o \u017earna 1500 mm (28 364 000)<br \/>\nGROHE EcoJoy<br \/>\nSrauto ribotuvas 9,5 l\/min<br \/>\nGROHE StarLight chromo apdaila<br \/>\nApsaugos nuo kalk\u0117jimo sistema SpeedClean<br \/>\nVidinis vandens kanalas<br \/>\nTwistfree sistema, apsauganti du\u0161o \u017earn\u0105 nuo susisukimo<br \/>\nTinka momentiniams vandens \u0161ildytuvams<br \/>\ngalima naudoti nuo 0,5 baro srauto sl\u0117gio<br \/>\nchromo spalva<\/p>","protected":false},"excerpt":{"rendered":"<p>EAN: 4005176875953<\/p>\n<p>SKU:27369000<\/p>\n<p>Svoris: 0.566 kg<\/p>","protected":false},"featured_media":487,"comment_status":"closed","ping_status":"closed","template":"","meta":[],"product_cat":[26],"product_tag":[],"class_list":{"0":"post-486","1":"product","2":"type-product","3":"status-publish","4":"has-post-thumbnail","6":"produktu-serija-euphoria-cosmopolitan","7":"produkto-gamintojas-grohe","8":"product_cat-vonios-kambarys","10":"first","11":"instock","12":"sale","13":"taxable","14":"shipping-taxable","15":"purchasable","16":"product-type-simple"},"_links":{"self":[{"href":"https:\/\/vonia24.com\/ru\/wp-json\/wp\/v2\/product\/486","targetHints":{"allow":["GET"]}}],"collection":[{"href":"https:\/\/vonia24.com\/ru\/wp-json\/wp\/v2\/product"}],"about":[{"href":"https:\/\/vonia24.com\/ru\/wp-json\/wp\/v2\/types\/product"}],"replies":[{"embeddable":true,"href":"https:\/\/vonia24.com\/ru\/wp-json\/wp\/v2\/comments?post=486"}],"wp:featuredmedia":[{"embeddable":true,"href":"https:\/\/vonia24.com\/ru\/wp-json\/wp\/v2\/media\/487"}],"wp:attachment":[{"href":"https:\/\/vonia24.com\/ru\/wp-json\/wp\/v2\/media?parent=486"}],"wp:term":[{"taxonomy":"product_cat","embeddable":true,"href":"https:\/\/vonia24.com\/ru\/wp-json\/wp\/v2\/product_cat?post=486"},{"taxonomy":"product_tag","embeddable":true,"href":"https:\/\/vonia24.com\/ru\/wp-json\/wp\/v2\/product_tag?post=486"}],"curies":[{"name":"wp","href":"https:\/\/api.w.org\/{rel}","templated":true}]}}