{"id":518,"date":"2023-09-28T15:15:26","date_gmt":"2023-09-28T13:15:26","guid":{"rendered":"https:\/\/vonia24.com\/?post_type=product&#038;p=518"},"modified":"2024-07-22T12:19:33","modified_gmt":"2024-07-22T10:19:33","slug":"bauedge-single-lever-bath-mixer-35-mm-head","status":"publish","type":"product","link":"https:\/\/vonia24.com\/ru\/product\/bauedge-single-lever-bath-mixer-35-mm-head\/","title":{"rendered":"BAUEDGE VIENOS SVIRTIES VONIOS MAI\u0160YTUVAS, 35 MM GALVUT\u0116"},"content":{"rendered":"<p>Montavimas prie sienos<br \/>\nmetalin\u0117 svirtis<br \/>\nGROHE Longlife 35 mm keramin\u0117 kaset\u0117<br \/>\nsu temperat\u016bros ribotuvu<br \/>\nGROHE StarLight chromo apdaila<br \/>\nreguliuojamas srauto grei\u010dio ribotuvas<br \/>\njungiklis: vonia\/du\u0161as<br \/>\nsnapelis su aeratoriumi<br \/>\napatinis du\u0161o i\u0161\u0117jimas 1\/2&#8243;<br \/>\nsu integruotu atbuliniu vo\u017etuvu<br \/>\natgalinio srauto apsauga<br \/>\nS jungtys<br \/>\nmetalin\u0117 sienin\u0117 rozet\u0117<\/p>","protected":false},"excerpt":{"rendered":"<p>EAN: 4005176556593<\/p>\n<p>SKU:23604001<\/p>\n<p>Svoris: 1.675 kg<\/p>","protected":false},"featured_media":519,"comment_status":"closed","ping_status":"closed","template":"","meta":[],"product_cat":[26,166,169],"product_tag":[],"class_list":{"0":"post-518","1":"product","2":"type-product","3":"status-publish","4":"has-post-thumbnail","6":"produktu-serija-bauedge","7":"produkto-gamintojas-grohe","8":"product_cat-vonios-kambarys","9":"product_cat-vandens-maisytuvai","10":"product_cat-vonios-maisytuvai-vandens-maisytuvai","12":"first","13":"instock","14":"sale","15":"taxable","16":"shipping-taxable","17":"purchasable","18":"product-type-simple"},"_links":{"self":[{"href":"https:\/\/vonia24.com\/ru\/wp-json\/wp\/v2\/product\/518","targetHints":{"allow":["GET"]}}],"collection":[{"href":"https:\/\/vonia24.com\/ru\/wp-json\/wp\/v2\/product"}],"about":[{"href":"https:\/\/vonia24.com\/ru\/wp-json\/wp\/v2\/types\/product"}],"replies":[{"embeddable":true,"href":"https:\/\/vonia24.com\/ru\/wp-json\/wp\/v2\/comments?post=518"}],"wp:featuredmedia":[{"embeddable":true,"href":"https:\/\/vonia24.com\/ru\/wp-json\/wp\/v2\/media\/519"}],"wp:attachment":[{"href":"https:\/\/vonia24.com\/ru\/wp-json\/wp\/v2\/media?parent=518"}],"wp:term":[{"taxonomy":"product_cat","embeddable":true,"href":"https:\/\/vonia24.com\/ru\/wp-json\/wp\/v2\/product_cat?post=518"},{"taxonomy":"product_tag","embeddable":true,"href":"https:\/\/vonia24.com\/ru\/wp-json\/wp\/v2\/product_tag?post=518"}],"curies":[{"name":"wp","href":"https:\/\/api.w.org\/{rel}","templated":true}]}}