{"id":529,"date":"2023-09-29T10:42:52","date_gmt":"2023-09-29T08:42:52","guid":{"rendered":"https:\/\/vonia24.com\/?post_type=product&#038;p=529"},"modified":"2024-07-22T12:19:30","modified_gmt":"2024-07-22T10:19:30","slug":"euphoria-110-massage-shower-set","status":"publish","type":"product","link":"https:\/\/vonia24.com\/ru\/product\/euphoria-110-massage-shower-set\/","title":{"rendered":"EUPHORIA 110 MASSAGE &#8211; DU\u0160O RINKINYS"},"content":{"rendered":"<p>Sudedamosios dalys:<br \/>\nMassage du\u0161o ranken\u0117l\u0117 (27 221)<br \/>\n600 mm du\u0161o strypas (27 499)<br \/>\nSilverflex du\u0161o \u017earna, 1750 mm (28 388)<br \/>\nGROHE EasyReach lentyna (27 596 000)<br \/>\nGROHE DreamSpray tobulas purk\u0161tuvas<br \/>\nGROHE SprayDimmer (tolygus srauto ma\u017einimas)<br \/>\nGROHE StarLight chromo apdaila<br \/>\nGROHE QuickFix (reguliuojama vir\u0161utin\u0117s rankenos pad\u0117tis, kad j\u0105 b\u016bt\u0173 galima pritaikyti prie esam\u0173 skyli\u0173)<br \/>\nSpeedClean sistema nuo apna\u0161\u0173 susidarymo<br \/>\nVidinis vandens kanalas<br \/>\nTwistfree du\u0161o \u017earnos sistema nuo susisukimo, tinkama momentiniams vandens \u0161ildytuvams<br \/>\nminimalus rekomenduojamas sl\u0117gis 1,0 bar<br \/>\nchromo spalva<\/p>","protected":false},"excerpt":{"rendered":"<p>EAN: 4005176899553<\/p>\n<p>SKU:27231001<\/p>\n<p>Svoris: 1.355 kg<\/p>","protected":false},"featured_media":530,"comment_status":"closed","ping_status":"closed","template":"","meta":[],"product_cat":[26,146,163,213],"product_tag":[],"class_list":{"0":"post-529","1":"product","2":"type-product","3":"status-publish","4":"has-post-thumbnail","6":"produktu-serija-euphoria","7":"produkto-gamintojas-grohe","8":"product_cat-vonios-kambarys","9":"product_cat-dusai","10":"product_cat-duso-komplektai-ir-sistemos","11":"product_cat-virstinkines-duso-sistemos","13":"first","14":"instock","15":"sale","16":"taxable","17":"shipping-taxable","18":"purchasable","19":"product-type-simple"},"_links":{"self":[{"href":"https:\/\/vonia24.com\/ru\/wp-json\/wp\/v2\/product\/529","targetHints":{"allow":["GET"]}}],"collection":[{"href":"https:\/\/vonia24.com\/ru\/wp-json\/wp\/v2\/product"}],"about":[{"href":"https:\/\/vonia24.com\/ru\/wp-json\/wp\/v2\/types\/product"}],"replies":[{"embeddable":true,"href":"https:\/\/vonia24.com\/ru\/wp-json\/wp\/v2\/comments?post=529"}],"wp:featuredmedia":[{"embeddable":true,"href":"https:\/\/vonia24.com\/ru\/wp-json\/wp\/v2\/media\/530"}],"wp:attachment":[{"href":"https:\/\/vonia24.com\/ru\/wp-json\/wp\/v2\/media?parent=529"}],"wp:term":[{"taxonomy":"product_cat","embeddable":true,"href":"https:\/\/vonia24.com\/ru\/wp-json\/wp\/v2\/product_cat?post=529"},{"taxonomy":"product_tag","embeddable":true,"href":"https:\/\/vonia24.com\/ru\/wp-json\/wp\/v2\/product_tag?post=529"}],"curies":[{"name":"wp","href":"https:\/\/api.w.org\/{rel}","templated":true}]}}