{"id":546,"date":"2023-09-29T11:25:09","date_gmt":"2023-09-29T09:25:09","guid":{"rendered":"https:\/\/vonia24.com\/?post_type=product&#038;p=546"},"modified":"2024-07-22T12:19:22","modified_gmt":"2024-07-22T10:19:22","slug":"wc-button-skate-cosmopolitan-titanium-coating","status":"publish","type":"product","link":"https:\/\/vonia24.com\/ru\/product\/wc-button-skate-cosmopolitan-titanium-coating\/","title":{"rendered":"SKATE COSMOPOLITAN PRAPLOVIMO MYGTUKAS, TITANU DENGTAS"},"content":{"rendered":"<p>Su purvui atsparia plok\u0161tele<br \/>\n2 t\u016bri\u0173 \u012fjungimui arba Start\/Stop<br \/>\nPneumatiniam nuleidimo vo\u017etuvui<br \/>\nVertikalus ir horizontalus montavimas<br \/>\n156 x 197 mm<br \/>\nABS<br \/>\nGROHE StarLight danga<br \/>\nGROHE EcoJoy ma\u017eesn\u0117s vandens s\u0105naudos<br \/>\ntitano spalva<\/p>","protected":false},"excerpt":{"rendered":"<p>EAN: 4005176873676<\/p>\n<p>SKU:38732BR0<\/p>\n<p>Svoris: 0.426 kg<\/p>","protected":false},"featured_media":548,"comment_status":"closed","ping_status":"closed","template":"","meta":[],"product_cat":[26,178,193,195,200],"product_tag":[],"class_list":{"0":"post-546","1":"product","2":"type-product","3":"status-publish","4":"has-post-thumbnail","6":"produktu-serija-skate-cosmopolitan","7":"produkto-gamintojas-grohe","8":"product_cat-vonios-kambarys","9":"product_cat-santechnine-keramika","10":"product_cat-potinkiniai-remai-ir-klavisai","11":"product_cat-potinkiniai-remai","12":"product_cat-klavisai-ir-tvirtinimai","14":"first","15":"instock","16":"sale","17":"taxable","18":"shipping-taxable","19":"purchasable","20":"product-type-simple"},"_links":{"self":[{"href":"https:\/\/vonia24.com\/ru\/wp-json\/wp\/v2\/product\/546","targetHints":{"allow":["GET"]}}],"collection":[{"href":"https:\/\/vonia24.com\/ru\/wp-json\/wp\/v2\/product"}],"about":[{"href":"https:\/\/vonia24.com\/ru\/wp-json\/wp\/v2\/types\/product"}],"replies":[{"embeddable":true,"href":"https:\/\/vonia24.com\/ru\/wp-json\/wp\/v2\/comments?post=546"}],"wp:featuredmedia":[{"embeddable":true,"href":"https:\/\/vonia24.com\/ru\/wp-json\/wp\/v2\/media\/548"}],"wp:attachment":[{"href":"https:\/\/vonia24.com\/ru\/wp-json\/wp\/v2\/media?parent=546"}],"wp:term":[{"taxonomy":"product_cat","embeddable":true,"href":"https:\/\/vonia24.com\/ru\/wp-json\/wp\/v2\/product_cat?post=546"},{"taxonomy":"product_tag","embeddable":true,"href":"https:\/\/vonia24.com\/ru\/wp-json\/wp\/v2\/product_tag?post=546"}],"curies":[{"name":"wp","href":"https:\/\/api.w.org\/{rel}","templated":true}]}}