{"id":552,"date":"2023-09-29T11:33:15","date_gmt":"2023-09-29T09:33:15","guid":{"rendered":"https:\/\/vonia24.com\/?post_type=product&#038;p=552"},"modified":"2024-07-22T12:19:20","modified_gmt":"2024-07-22T10:19:20","slug":"eurosmart-cosmopolitan-single-lever-kitchen-mixer-chrome-140-spout-rotation-35-mm-ceramic-head-221-mm-spout","status":"publish","type":"product","link":"https:\/\/vonia24.com\/ru\/product\/eurosmart-cosmopolitan-single-lever-kitchen-mixer-chrome-140-spout-rotation-35-mm-ceramic-head-221-mm-spout\/","title":{"rendered":"EUROSMART COSMOPOLITAN VIENO SVERTO KRIAUKL\u0116S MAI\u0160YTUVAS, CHROMAS, SNAPELIO PASUKIMO KAMPAS 140 \u00b0, 35 MM KERAMIN\u0116 GALVUT\u0116"},"content":{"rendered":"<p>Eurosmart Cosmopolitan vieno sverto plautuv\u0117s mai\u0161ytuvas<br \/>\nchromuotas<br \/>\nsnapelio pasukimo kampas 140 \u00b0<br \/>\nkeramin\u0117 galvut\u0117 35 mm<br \/>\nsnapelis 221 mm<\/p>","protected":false},"excerpt":{"rendered":"<p>EAN: 4005176919459<\/p>\n<p>SKU:30193000<\/p>\n<p>Svoris: 1.615 kg<\/p>","protected":false},"featured_media":553,"comment_status":"closed","ping_status":"closed","template":"","meta":[],"product_cat":[27,201],"product_tag":[],"class_list":{"0":"post-552","1":"product","2":"type-product","3":"status-publish","4":"has-post-thumbnail","6":"produktu-serija-eurosmart-cosmopolitan","7":"produkto-gamintojas-grohe","8":"product_cat-virtuve","9":"product_cat-virtuves-maisytuvai","11":"first","12":"instock","13":"sale","14":"taxable","15":"shipping-taxable","16":"purchasable","17":"product-type-simple"},"_links":{"self":[{"href":"https:\/\/vonia24.com\/ru\/wp-json\/wp\/v2\/product\/552","targetHints":{"allow":["GET"]}}],"collection":[{"href":"https:\/\/vonia24.com\/ru\/wp-json\/wp\/v2\/product"}],"about":[{"href":"https:\/\/vonia24.com\/ru\/wp-json\/wp\/v2\/types\/product"}],"replies":[{"embeddable":true,"href":"https:\/\/vonia24.com\/ru\/wp-json\/wp\/v2\/comments?post=552"}],"wp:featuredmedia":[{"embeddable":true,"href":"https:\/\/vonia24.com\/ru\/wp-json\/wp\/v2\/media\/553"}],"wp:attachment":[{"href":"https:\/\/vonia24.com\/ru\/wp-json\/wp\/v2\/media?parent=552"}],"wp:term":[{"taxonomy":"product_cat","embeddable":true,"href":"https:\/\/vonia24.com\/ru\/wp-json\/wp\/v2\/product_cat?post=552"},{"taxonomy":"product_tag","embeddable":true,"href":"https:\/\/vonia24.com\/ru\/wp-json\/wp\/v2\/product_tag?post=552"}],"curies":[{"name":"wp","href":"https:\/\/api.w.org\/{rel}","templated":true}]}}