{"id":554,"date":"2023-09-29T11:40:41","date_gmt":"2023-09-29T09:40:41","guid":{"rendered":"https:\/\/vonia24.com\/?post_type=product&#038;p=554"},"modified":"2024-07-22T12:19:19","modified_gmt":"2024-07-22T10:19:19","slug":"eurostyle-single-lever-basin-mixer-size-s-with-plug-mixer-with-a-hole","status":"publish","type":"product","link":"https:\/\/vonia24.com\/ru\/product\/eurostyle-single-lever-basin-mixer-size-s-with-plug-mixer-with-a-hole\/","title":{"rendered":"EUROSTYLE &#8211; VIENOS SVIRTIES PRAUSTUVO MAI\u0160YTUVAS, S DYDIS, SU KI\u0160TUKU, MAI\u0160YTUVAS SU ANGA"},"content":{"rendered":"<p>Montavimas per vien\u0105 skyl\u0119<br \/>\nMetalin\u0117 svirtis<br \/>\nGROHE SilkMove 35 mm keramin\u0117 galvut\u0117<br \/>\nReguliuojamas srauto ribotuvas<br \/>\nsu temperat\u016bros ribotuvu<br \/>\nGROHE StarLight chromo apdaila<br \/>\nGROHE EcoJoy aeratorius 5,7 l\/min<br \/>\nGROHE QuickFix greito fiksavimo sistema<br \/>\nNuotek\u0173 rinkinys su 1 1\/4&#8243; i\u0161traukiamuoju purk\u0161tuku<br \/>\nlanks\u010dios jungiamosios \u017earnos<br \/>\nchromas<\/p>","protected":false},"excerpt":{"rendered":"<p>EAN: 4005176334139<\/p>\n<p>SKU:33558003<\/p>\n<p>Svoris: 1.81 kg<\/p>","protected":false},"featured_media":555,"comment_status":"closed","ping_status":"closed","template":"","meta":[],"product_cat":[26,166,185],"product_tag":[],"class_list":{"0":"post-554","1":"product","2":"type-product","3":"status-publish","4":"has-post-thumbnail","6":"produktu-serija-eurostyle-new","7":"produkto-gamintojas-grohe","8":"product_cat-vonios-kambarys","9":"product_cat-vandens-maisytuvai","10":"product_cat-praustuvo-maisytuvai-praustuvai","12":"first","13":"instock","14":"sale","15":"taxable","16":"shipping-taxable","17":"purchasable","18":"product-type-simple"},"_links":{"self":[{"href":"https:\/\/vonia24.com\/ru\/wp-json\/wp\/v2\/product\/554","targetHints":{"allow":["GET"]}}],"collection":[{"href":"https:\/\/vonia24.com\/ru\/wp-json\/wp\/v2\/product"}],"about":[{"href":"https:\/\/vonia24.com\/ru\/wp-json\/wp\/v2\/types\/product"}],"replies":[{"embeddable":true,"href":"https:\/\/vonia24.com\/ru\/wp-json\/wp\/v2\/comments?post=554"}],"wp:featuredmedia":[{"embeddable":true,"href":"https:\/\/vonia24.com\/ru\/wp-json\/wp\/v2\/media\/555"}],"wp:attachment":[{"href":"https:\/\/vonia24.com\/ru\/wp-json\/wp\/v2\/media?parent=554"}],"wp:term":[{"taxonomy":"product_cat","embeddable":true,"href":"https:\/\/vonia24.com\/ru\/wp-json\/wp\/v2\/product_cat?post=554"},{"taxonomy":"product_tag","embeddable":true,"href":"https:\/\/vonia24.com\/ru\/wp-json\/wp\/v2\/product_tag?post=554"}],"curies":[{"name":"wp","href":"https:\/\/api.w.org\/{rel}","templated":true}]}}