{"id":556,"date":"2023-09-29T12:24:58","date_gmt":"2023-09-29T10:24:58","guid":{"rendered":"https:\/\/vonia24.com\/?post_type=product&#038;p=556"},"modified":"2024-07-22T12:09:31","modified_gmt":"2024-07-22T10:09:31","slug":"eurosmart-single-lever-washbasin-mixer-with-bidet-handset","status":"publish","type":"product","link":"https:\/\/vonia24.com\/ru\/product\/eurosmart-single-lever-washbasin-mixer-with-bidet-handset\/","title":{"rendered":"EUROSMART &#8211; VIENO SVERTO PRAUSTUVO MAI\u0160YTUVAS SU BID\u0116 RANKEN\u0116LE"},"content":{"rendered":"<p>Eurosmart praustuvo mai\u0161ytuvas, DN 15, S dydis<br \/>\nmontavimas per vien\u0105 ang\u0105<br \/>\nMetalin\u0117 svirtis<br \/>\n35 mm keramin\u0117 galvut\u0117<br \/>\nGROHE SilkMove su temperat\u016bros ribotuvu<br \/>\nChromo danga su GROHE StarLight<br \/>\nGROHE EcoJoy 5,7 l\/min aeratorius<br \/>\nReguliuojamas srauto ribotuvas<br \/>\nnuleid\u017eiama grandin\u0117l\u0117<br \/>\nLanks\u010dios jungiamosios \u017earnos<br \/>\nGROHE QuickFix greito surinkimo sistema su du\u0161o rinkiniu, kur\u012f sudaro: rankinis du\u0161as su \u012fmontuotu jungikliu sieninis du\u0161o antgalis ir du\u0161o \u017earna<\/p>","protected":false},"excerpt":{"rendered":"<p>EAN: 4005176304972<\/p>\n<p>SKU:23124002<\/p>\n<p>Svoris: 2 kg<\/p>","protected":false},"featured_media":557,"comment_status":"closed","ping_status":"closed","template":"","meta":[],"product_cat":[26,166,185],"product_tag":[],"class_list":{"0":"post-556","1":"product","2":"type-product","3":"status-publish","4":"has-post-thumbnail","6":"produktu-serija-eurosmart-new","7":"produkto-gamintojas-grohe","8":"product_cat-vonios-kambarys","9":"product_cat-vandens-maisytuvai","10":"product_cat-praustuvo-maisytuvai-praustuvai","12":"first","13":"instock","14":"sale","15":"taxable","16":"shipping-taxable","17":"purchasable","18":"product-type-simple"},"_links":{"self":[{"href":"https:\/\/vonia24.com\/ru\/wp-json\/wp\/v2\/product\/556","targetHints":{"allow":["GET"]}}],"collection":[{"href":"https:\/\/vonia24.com\/ru\/wp-json\/wp\/v2\/product"}],"about":[{"href":"https:\/\/vonia24.com\/ru\/wp-json\/wp\/v2\/types\/product"}],"replies":[{"embeddable":true,"href":"https:\/\/vonia24.com\/ru\/wp-json\/wp\/v2\/comments?post=556"}],"wp:featuredmedia":[{"embeddable":true,"href":"https:\/\/vonia24.com\/ru\/wp-json\/wp\/v2\/media\/557"}],"wp:attachment":[{"href":"https:\/\/vonia24.com\/ru\/wp-json\/wp\/v2\/media?parent=556"}],"wp:term":[{"taxonomy":"product_cat","embeddable":true,"href":"https:\/\/vonia24.com\/ru\/wp-json\/wp\/v2\/product_cat?post=556"},{"taxonomy":"product_tag","embeddable":true,"href":"https:\/\/vonia24.com\/ru\/wp-json\/wp\/v2\/product_tag?post=556"}],"curies":[{"name":"wp","href":"https:\/\/api.w.org\/{rel}","templated":true}]}}