{"id":562,"date":"2023-09-29T14:14:30","date_gmt":"2023-09-29T12:14:30","guid":{"rendered":"https:\/\/vonia24.com\/?post_type=product&#038;p=562"},"modified":"2024-07-22T12:09:27","modified_gmt":"2024-07-22T10:09:27","slug":"essence-basin-mixer-dn-15-size-s","status":"publish","type":"product","link":"https:\/\/vonia24.com\/ru\/product\/essence-basin-mixer-dn-15-size-s\/","title":{"rendered":"ESSENCE PRAUSTUVO MAI\u0160YTUVAS DN 15, DYDIS S"},"content":{"rendered":"<p>Montavimas per vien\u0105 skyl\u0119<br \/>\nMetalin\u0117 svirtis<br \/>\nGROHE SilkMove 28 mm keramin\u0117 galvut\u0117 su temperat\u016bros ribotuvu<br \/>\nGROHE StarLight chromo apdaila<br \/>\nGROHE EcoJoy aeratorius 5,7 l\/min<br \/>\nReguliuojamas aeratorius GROHE AquaGuide<br \/>\nGROHE QuickFix Plus montavimo sistema<br \/>\nnuotek\u0173 rinkinys su 1 1\/4&#8243; i\u0161traukiama purk\u0161tuvo juosta<br \/>\nlanks\u010dios jungiamosios \u017earnos<br \/>\nchromas<\/p>","protected":false},"excerpt":{"rendered":"<p>EAN: 4005176339172<\/p>\n<p>SKU:23589001<\/p>\n<p>Svoris: 1.62 kg<\/p>","protected":false},"featured_media":563,"comment_status":"closed","ping_status":"closed","template":"","meta":[],"product_cat":[26,166,185],"product_tag":[],"class_list":{"0":"post-562","1":"product","2":"type-product","3":"status-publish","4":"has-post-thumbnail","6":"produktu-serija-essence-new","7":"produkto-gamintojas-grohe","8":"product_cat-vonios-kambarys","9":"product_cat-vandens-maisytuvai","10":"product_cat-praustuvo-maisytuvai-praustuvai","12":"first","13":"instock","14":"sale","15":"taxable","16":"shipping-taxable","17":"purchasable","18":"product-type-simple"},"_links":{"self":[{"href":"https:\/\/vonia24.com\/ru\/wp-json\/wp\/v2\/product\/562","targetHints":{"allow":["GET"]}}],"collection":[{"href":"https:\/\/vonia24.com\/ru\/wp-json\/wp\/v2\/product"}],"about":[{"href":"https:\/\/vonia24.com\/ru\/wp-json\/wp\/v2\/types\/product"}],"replies":[{"embeddable":true,"href":"https:\/\/vonia24.com\/ru\/wp-json\/wp\/v2\/comments?post=562"}],"wp:featuredmedia":[{"embeddable":true,"href":"https:\/\/vonia24.com\/ru\/wp-json\/wp\/v2\/media\/563"}],"wp:attachment":[{"href":"https:\/\/vonia24.com\/ru\/wp-json\/wp\/v2\/media?parent=562"}],"wp:term":[{"taxonomy":"product_cat","embeddable":true,"href":"https:\/\/vonia24.com\/ru\/wp-json\/wp\/v2\/product_cat?post=562"},{"taxonomy":"product_tag","embeddable":true,"href":"https:\/\/vonia24.com\/ru\/wp-json\/wp\/v2\/product_tag?post=562"}],"curies":[{"name":"wp","href":"https:\/\/api.w.org\/{rel}","templated":true}]}}