{"id":575,"date":"2023-09-29T15:17:09","date_gmt":"2023-09-29T13:17:09","guid":{"rendered":"https:\/\/vonia24.com\/?post_type=product&#038;p=575"},"modified":"2024-07-22T12:19:12","modified_gmt":"2024-07-22T10:19:12","slug":"essence-single-handle-shower-mixer","status":"publish","type":"product","link":"https:\/\/vonia24.com\/ru\/product\/essence-single-handle-shower-mixer\/","title":{"rendered":"ESSENCE &#8211; VIENO SVERTO DU\u0160O MAI\u0160YTUVAS"},"content":{"rendered":"<p>Prie sienos tvirtinamas<br \/>\nMetalin\u0117 svirtis<br \/>\nGROHE SilkMove keramin\u0117 galvut\u0117 35 mm, su temperat\u016bros ribotuvu<br \/>\nGROHE StarLight chromo apdaila<br \/>\nDu\u0161o i\u0161\u0117jimas 1\/2&#8243;<br \/>\nintegruotas atbulinis vo\u017etuvas<br \/>\nS jungtys<br \/>\natbulinio srauto prevencija<br \/>\nminimalus rekomenduojamas sl\u0117gis 1,0 bar<br \/>\nchromo spalva<\/p>","protected":false},"excerpt":{"rendered":"<div class=\"elementor-element elementor-element-13c1b043 elementor-widget elementor-widget-woocommerce-product-short-description\" data-id=\"13c1b043\" data-element_type=\"widget\" data-widget_type=\"woocommerce-product-short-description.default\">\n<div class=\"elementor-widget-container\">\n<div class=\"woocommerce-product-details__short-description\">\n<div class=\"elementor-element elementor-element-13c1b043 elementor-widget elementor-widget-woocommerce-product-short-description\" data-id=\"13c1b043\" data-element_type=\"widget\" data-widget_type=\"woocommerce-product-short-description.default\">\n<div class=\"elementor-widget-container\">\n<div class=\"woocommerce-product-details__short-description\">\n<div class=\"elementor-element elementor-element-13c1b043 elementor-widget elementor-widget-woocommerce-product-short-description\" data-id=\"13c1b043\" data-element_type=\"widget\" data-widget_type=\"woocommerce-product-short-description.default\">\n<div class=\"elementor-widget-container\">\n<div class=\"woocommerce-product-details__short-description\">\n<div class=\"elementor-element elementor-element-13c1b043 elementor-widget elementor-widget-woocommerce-product-short-description\" data-id=\"13c1b043\" data-element_type=\"widget\" data-widget_type=\"woocommerce-product-short-description.default\">\n<div class=\"elementor-widget-container\">\n<div class=\"woocommerce-product-details__short-description\">\n<div class=\"elementor-element elementor-element-13c1b043 elementor-widget elementor-widget-woocommerce-product-short-description\" data-id=\"13c1b043\" data-element_type=\"widget\" data-widget_type=\"woocommerce-product-short-description.default\">\n<div class=\"elementor-widget-container\">\n<div class=\"woocommerce-product-details__short-description\">\n<div class=\"elementor-element elementor-element-13c1b043 elementor-widget elementor-widget-woocommerce-product-short-description\" data-id=\"13c1b043\" data-element_type=\"widget\" data-widget_type=\"woocommerce-product-short-description.default\">\n<div class=\"elementor-widget-container\">\n<div class=\"woocommerce-product-details__short-description\">\n<p>EAN: 4005176307287<\/p>\n<p>SKU:33636001<\/p>\n<p>Svoris: 2.385 kg<\/p>\n<\/div>\n<\/div>\n<\/div>\n<\/div>\n<\/div>\n<\/div>\n<\/div>\n<\/div>\n<\/div>\n<\/div>\n<\/div>\n<\/div>\n<\/div>\n<\/div>\n<\/div>\n<\/div>\n<\/div>\n<\/div>\n<div class=\"elementor-element elementor-element-512045f elementor-add-to-cart--layout-auto e-add-to-cart--show-quantity-yes elementor-widget elementor-widget-woocommerce-product-add-to-cart\" data-id=\"512045f\" data-element_type=\"widget\" data-widget_type=\"woocommerce-product-add-to-cart.default\">\n<div class=\"elementor-widget-container\">\n<div class=\"elementor-add-to-cart elementor-product-simple\"><\/div>\n<\/div>\n<\/div>\n<div class=\"elementor-element elementor-element-200667d9 elementor-widget-divider--view-line elementor-widget elementor-widget-divider\" data-id=\"200667d9\" data-element_type=\"widget\" data-widget_type=\"divider.default\">\n<div class=\"elementor-widget-container\">\n<div class=\"elementor-divider\"><\/div>\n<\/div>\n<\/div>","protected":false},"featured_media":576,"comment_status":"closed","ping_status":"closed","template":"","meta":[],"product_cat":[26,166,170],"product_tag":[],"class_list":{"0":"post-575","1":"product","2":"type-product","3":"status-publish","4":"has-post-thumbnail","6":"produktu-serija-essence-new","7":"produkto-gamintojas-grohe","8":"product_cat-vonios-kambarys","9":"product_cat-vandens-maisytuvai","10":"product_cat-duso-maisytuvai-vandens-maisytuvai","12":"first","13":"instock","14":"sale","15":"taxable","16":"shipping-taxable","17":"purchasable","18":"product-type-simple"},"_links":{"self":[{"href":"https:\/\/vonia24.com\/ru\/wp-json\/wp\/v2\/product\/575","targetHints":{"allow":["GET"]}}],"collection":[{"href":"https:\/\/vonia24.com\/ru\/wp-json\/wp\/v2\/product"}],"about":[{"href":"https:\/\/vonia24.com\/ru\/wp-json\/wp\/v2\/types\/product"}],"replies":[{"embeddable":true,"href":"https:\/\/vonia24.com\/ru\/wp-json\/wp\/v2\/comments?post=575"}],"wp:featuredmedia":[{"embeddable":true,"href":"https:\/\/vonia24.com\/ru\/wp-json\/wp\/v2\/media\/576"}],"wp:attachment":[{"href":"https:\/\/vonia24.com\/ru\/wp-json\/wp\/v2\/media?parent=575"}],"wp:term":[{"taxonomy":"product_cat","embeddable":true,"href":"https:\/\/vonia24.com\/ru\/wp-json\/wp\/v2\/product_cat?post=575"},{"taxonomy":"product_tag","embeddable":true,"href":"https:\/\/vonia24.com\/ru\/wp-json\/wp\/v2\/product_tag?post=575"}],"curies":[{"name":"wp","href":"https:\/\/api.w.org\/{rel}","templated":true}]}}