{"id":578,"date":"2023-09-29T15:24:42","date_gmt":"2023-09-29T13:24:42","guid":{"rendered":"https:\/\/vonia24.com\/?post_type=product&#038;p=578"},"modified":"2024-07-22T12:19:11","modified_gmt":"2024-07-22T10:19:11","slug":"eurostyle-alpine-white-single-handle-shower-mixer","status":"publish","type":"product","link":"https:\/\/vonia24.com\/ru\/product\/eurostyle-alpine-white-single-handle-shower-mixer\/","title":{"rendered":"EUROSTYLE &#8211; VIENO SVERTO DU\u0160O MAI\u0160YTUVAS, MOON WHITE\/CHROMAS"},"content":{"rendered":"<p>Prie sienos tvirtinamas<br \/>\nMetalin\u0117 svirtis<br \/>\nGROHE SilkMove 35 mm keramin\u0117 galvut\u0117 su temperat\u016bros ribotuvu<br \/>\nGROHE StarLight chromo apdaila<br \/>\nReguliuojamas srauto ribotuvas<br \/>\n1\/2&#8243; du\u0161o i\u0161\u0117jimas su integruotu atbuliniu vo\u017etuvu<br \/>\npasl\u0117ptos S jungtys<br \/>\nMetalin\u0117 sienin\u0117 rozet\u0117<br \/>\nGr\u012f\u017etamojo srauto prevencija<br \/>\nSpalva moon white\/chromas<\/p>","protected":false},"excerpt":{"rendered":"<p>EAN: 4005176334511<\/p>\n<p>SKU:33590LS3<\/p>\n<p>Svoris: 2.14 kg<\/p>","protected":false},"featured_media":579,"comment_status":"closed","ping_status":"closed","template":"","meta":[],"product_cat":[26,166,170],"product_tag":[],"class_list":{"0":"post-578","1":"product","2":"type-product","3":"status-publish","4":"has-post-thumbnail","6":"produktu-serija-eurostyle-new","7":"produkto-gamintojas-grohe","8":"product_cat-vonios-kambarys","9":"product_cat-vandens-maisytuvai","10":"product_cat-duso-maisytuvai-vandens-maisytuvai","12":"first","13":"instock","14":"sale","15":"taxable","16":"shipping-taxable","17":"purchasable","18":"product-type-simple"},"_links":{"self":[{"href":"https:\/\/vonia24.com\/ru\/wp-json\/wp\/v2\/product\/578","targetHints":{"allow":["GET"]}}],"collection":[{"href":"https:\/\/vonia24.com\/ru\/wp-json\/wp\/v2\/product"}],"about":[{"href":"https:\/\/vonia24.com\/ru\/wp-json\/wp\/v2\/types\/product"}],"replies":[{"embeddable":true,"href":"https:\/\/vonia24.com\/ru\/wp-json\/wp\/v2\/comments?post=578"}],"wp:featuredmedia":[{"embeddable":true,"href":"https:\/\/vonia24.com\/ru\/wp-json\/wp\/v2\/media\/579"}],"wp:attachment":[{"href":"https:\/\/vonia24.com\/ru\/wp-json\/wp\/v2\/media?parent=578"}],"wp:term":[{"taxonomy":"product_cat","embeddable":true,"href":"https:\/\/vonia24.com\/ru\/wp-json\/wp\/v2\/product_cat?post=578"},{"taxonomy":"product_tag","embeddable":true,"href":"https:\/\/vonia24.com\/ru\/wp-json\/wp\/v2\/product_tag?post=578"}],"curies":[{"name":"wp","href":"https:\/\/api.w.org\/{rel}","templated":true}]}}