{"id":591,"date":"2023-10-02T12:08:59","date_gmt":"2023-10-02T10:08:59","guid":{"rendered":"https:\/\/vonia24.com\/?post_type=product&#038;p=591"},"modified":"2024-07-22T12:09:24","modified_gmt":"2024-07-22T10:09:24","slug":"rapid-sl-concealed-frame-for-installing-a-wall-wc-with-brackets-included","status":"publish","type":"product","link":"https:\/\/vonia24.com\/ru\/product\/rapid-sl-concealed-frame-for-installing-a-wall-wc-with-brackets-included\/","title":{"rendered":"RAPID SL &#8211; R\u0116MAS, SKIRTAS PASL\u0116PTAI SUMONTUOTI SIENIN\u012e TUALET\u0104, SU PRIDEDAMAIS LAIKIKLIAIS"},"content":{"rendered":"<p>Sieninio tualeto Rapid SL<br \/>\nklozeto nuleidimo vo\u017etuvas su ma\u017ea ap\u017ei\u016bros anga 1,13 m konstrukcijos auk\u0161tis<br \/>\nmontuojamas prie sienos arba \u012f smeig\u0117mis apkalt\u0105 sien\u0105<br \/>\nplieninis r\u0117mas, dengtas milteliniu b\u016bdu, savaime i\u0161silaikantis<br \/>\nskirtas gipso kartono plok\u0161t\u0117ms, i\u0161 anksto sukomplektuotas<br \/>\nfiksuotos objekt\u0173 jungtys, skirtos montuoti ant vieno arba b\u0117gio<br \/>\nsu greito reguliavimo ir auk\u0161\u010dio fiksavimo tvirtinimo med\u017eiaga<br \/>\nT\u00dcV bandymas 2 WC tvirtinimo var\u017etai tvirtinimo keramika<br \/>\natstumas tarp var\u017et\u0173 180\/230 mm polietilenin\u0117 nutek\u0117jimo alk\u016bn\u0117 DN 80<br \/>\nmontavimo gylio reguliavimo reduktorius DN 80\/100<br \/>\n\u012fleidimo ir i\u0161leidimo klozeto bakelis, 6-9 l<br \/>\ngamyklinis nustatymas 6l ir 3l pneumatinis nuleidimo vo\u017etuvas su 3<br \/>\nsu funkcijomis: 2 talpos, Start\/Stop arba be pertraukos<br \/>\nnuo kondensacijos apsaugota izoliuota vandens jungtis &#8222;su \u012fmontuotu kampiniu vo\u017etuvu ir jungtimi<br \/>\nmontavimas be \u012franki\u0173 su priedais, skirtais montuoti ant sienos<\/p>","protected":false},"excerpt":{"rendered":"<p>EAN: 4005176863929<\/p>\n<p>SKU:38536001<\/p>\n<p>Svoris: 12.85 kg<\/p>","protected":false},"featured_media":592,"comment_status":"closed","ping_status":"closed","template":"","meta":[],"product_cat":[26,178,193,195,196],"product_tag":[],"class_list":{"0":"post-591","1":"product","2":"type-product","3":"status-publish","4":"has-post-thumbnail","6":"produktu-serija-rapid-sl","7":"produkto-gamintojas-grohe","8":"product_cat-vonios-kambarys","9":"product_cat-santechnine-keramika","10":"product_cat-potinkiniai-remai-ir-klavisai","11":"product_cat-potinkiniai-remai","12":"product_cat-klozetui","14":"first","15":"instock","16":"sale","17":"taxable","18":"shipping-taxable","19":"purchasable","20":"product-type-simple"},"_links":{"self":[{"href":"https:\/\/vonia24.com\/ru\/wp-json\/wp\/v2\/product\/591","targetHints":{"allow":["GET"]}}],"collection":[{"href":"https:\/\/vonia24.com\/ru\/wp-json\/wp\/v2\/product"}],"about":[{"href":"https:\/\/vonia24.com\/ru\/wp-json\/wp\/v2\/types\/product"}],"replies":[{"embeddable":true,"href":"https:\/\/vonia24.com\/ru\/wp-json\/wp\/v2\/comments?post=591"}],"wp:featuredmedia":[{"embeddable":true,"href":"https:\/\/vonia24.com\/ru\/wp-json\/wp\/v2\/media\/592"}],"wp:attachment":[{"href":"https:\/\/vonia24.com\/ru\/wp-json\/wp\/v2\/media?parent=591"}],"wp:term":[{"taxonomy":"product_cat","embeddable":true,"href":"https:\/\/vonia24.com\/ru\/wp-json\/wp\/v2\/product_cat?post=591"},{"taxonomy":"product_tag","embeddable":true,"href":"https:\/\/vonia24.com\/ru\/wp-json\/wp\/v2\/product_tag?post=591"}],"curies":[{"name":"wp","href":"https:\/\/api.w.org\/{rel}","templated":true}]}}