{"id":608,"date":"2023-10-02T12:51:53","date_gmt":"2023-10-02T10:51:53","guid":{"rendered":"https:\/\/vonia24.com\/?post_type=product&#038;p=608"},"modified":"2024-07-22T12:18:55","modified_gmt":"2024-07-22T10:18:55","slug":"single-handle-elements-for-recessed-building","status":"publish","type":"product","link":"https:\/\/vonia24.com\/ru\/product\/single-handle-elements-for-recessed-building\/","title":{"rendered":"VIENOS SVIRTIES ELEMENTAI, SKIRTI PASL\u0116PTAM MONTAVIMUI"},"content":{"rendered":"<p>2 skyli\u0173 praustuvo mai\u0161ytuvui<br \/>\nmontavimas sienoje<br \/>\nbe i\u0161 anksto sumontuot\u0173 element\u0173<br \/>\nGROHE SilkMove keramin\u0117 galvut\u0117 35 mm<br \/>\nreguliuojamas srauto ribotuvas<br \/>\nmontavimo gylis nuo 45 iki 75 mm<br \/>\nKorozijai atsparus \u017ealvaris DR<br \/>\nminimalus rekomenduojamas sl\u0117gis 1,0 bar<br \/>\nmontavimo \u012ftaisas<\/p>","protected":false},"excerpt":{"rendered":"<p>EAN:4005176845949<\/p>\n<p>SKU:32635000<\/p>\n<p>Svoris: 1.45 kg<\/p>","protected":false},"featured_media":609,"comment_status":"closed","ping_status":"closed","template":"","meta":[],"product_cat":[26,166,177],"product_tag":[],"class_list":{"0":"post-608","1":"product","2":"type-product","3":"status-publish","4":"has-post-thumbnail","6":"produkto-gamintojas-grohe","7":"product_cat-vonios-kambarys","8":"product_cat-vandens-maisytuvai","9":"product_cat-komplektuojancios-maisytuvu-dalys","11":"first","12":"instock","13":"sale","14":"taxable","15":"shipping-taxable","16":"purchasable","17":"product-type-simple"},"_links":{"self":[{"href":"https:\/\/vonia24.com\/ru\/wp-json\/wp\/v2\/product\/608","targetHints":{"allow":["GET"]}}],"collection":[{"href":"https:\/\/vonia24.com\/ru\/wp-json\/wp\/v2\/product"}],"about":[{"href":"https:\/\/vonia24.com\/ru\/wp-json\/wp\/v2\/types\/product"}],"replies":[{"embeddable":true,"href":"https:\/\/vonia24.com\/ru\/wp-json\/wp\/v2\/comments?post=608"}],"wp:featuredmedia":[{"embeddable":true,"href":"https:\/\/vonia24.com\/ru\/wp-json\/wp\/v2\/media\/609"}],"wp:attachment":[{"href":"https:\/\/vonia24.com\/ru\/wp-json\/wp\/v2\/media?parent=608"}],"wp:term":[{"taxonomy":"product_cat","embeddable":true,"href":"https:\/\/vonia24.com\/ru\/wp-json\/wp\/v2\/product_cat?post=608"},{"taxonomy":"product_tag","embeddable":true,"href":"https:\/\/vonia24.com\/ru\/wp-json\/wp\/v2\/product_tag?post=608"}],"curies":[{"name":"wp","href":"https:\/\/api.w.org\/{rel}","templated":true}]}}