{"id":614,"date":"2023-10-02T13:06:35","date_gmt":"2023-10-02T11:06:35","guid":{"rendered":"https:\/\/vonia24.com\/?post_type=product&#038;p=614"},"modified":"2024-07-22T12:18:53","modified_gmt":"2024-07-22T10:18:53","slug":"eurostyle-single-handle-bath-mixer-alpine-white","status":"publish","type":"product","link":"https:\/\/vonia24.com\/ru\/product\/eurostyle-single-handle-bath-mixer-alpine-white\/","title":{"rendered":"EUROSTYLE &#8211; VIENO SVERTO VONIOS MAI\u0160YTUVAS, MOON WHITE\/CHROMAS"},"content":{"rendered":"<p>Prie sienos tvirtinamas<br \/>\nMetalin\u0117 svirtis<br \/>\nGROHE SilkMove 35 mm keramin\u0117 galvut\u0117 su temperat\u016bros ribotuvu<br \/>\nGROHE StarLight chromo apdaila<br \/>\nReguliuojamas srauto ribotuvas<br \/>\nautomatinis perjungimo jungiklis: vonia \/ du\u0161as<br \/>\naeratorius<br \/>\n1\/2&#8243; du\u0161o i\u0161\u0117jimas su integruotu atbuliniu vo\u017etuvu<br \/>\nDengtos S jungtys<br \/>\nMetalin\u0117 sienin\u0117 rozet\u0117<br \/>\natbulinio srauto prevencija<br \/>\nspalva moon white\/chromas<\/p>","protected":false},"excerpt":{"rendered":"<p>EAN: 4005176334535<\/p>\n<p>SKU:33591LS3<\/p>\n<p>Svoris: 2.72 kg<\/p>","protected":false},"featured_media":615,"comment_status":"closed","ping_status":"closed","template":"","meta":[],"product_cat":[26,166,169],"product_tag":[],"class_list":{"0":"post-614","1":"product","2":"type-product","3":"status-publish","4":"has-post-thumbnail","6":"produktu-serija-eurostyle","7":"produkto-gamintojas-grohe","8":"product_cat-vonios-kambarys","9":"product_cat-vandens-maisytuvai","10":"product_cat-vonios-maisytuvai-vandens-maisytuvai","12":"first","13":"instock","14":"sale","15":"taxable","16":"shipping-taxable","17":"purchasable","18":"product-type-simple"},"_links":{"self":[{"href":"https:\/\/vonia24.com\/ru\/wp-json\/wp\/v2\/product\/614","targetHints":{"allow":["GET"]}}],"collection":[{"href":"https:\/\/vonia24.com\/ru\/wp-json\/wp\/v2\/product"}],"about":[{"href":"https:\/\/vonia24.com\/ru\/wp-json\/wp\/v2\/types\/product"}],"replies":[{"embeddable":true,"href":"https:\/\/vonia24.com\/ru\/wp-json\/wp\/v2\/comments?post=614"}],"wp:featuredmedia":[{"embeddable":true,"href":"https:\/\/vonia24.com\/ru\/wp-json\/wp\/v2\/media\/615"}],"wp:attachment":[{"href":"https:\/\/vonia24.com\/ru\/wp-json\/wp\/v2\/media?parent=614"}],"wp:term":[{"taxonomy":"product_cat","embeddable":true,"href":"https:\/\/vonia24.com\/ru\/wp-json\/wp\/v2\/product_cat?post=614"},{"taxonomy":"product_tag","embeddable":true,"href":"https:\/\/vonia24.com\/ru\/wp-json\/wp\/v2\/product_tag?post=614"}],"curies":[{"name":"wp","href":"https:\/\/api.w.org\/{rel}","templated":true}]}}