{"id":622,"date":"2023-10-02T13:41:53","date_gmt":"2023-10-02T11:41:53","guid":{"rendered":"https:\/\/vonia24.com\/?post_type=product&#038;p=622"},"modified":"2024-07-22T12:18:51","modified_gmt":"2024-07-22T10:18:51","slug":"rapid-sl-concealed-bidet-mounting-frame","status":"publish","type":"product","link":"https:\/\/vonia24.com\/ru\/product\/rapid-sl-concealed-bidet-mounting-frame\/","title":{"rendered":"RAPID SL &#8211; R\u0116MAS BID\u0116 MONTAVIMUI"},"content":{"rendered":"<p>Vertikali eiga, skirta keramikai su ma\u017eu laikomuoju pavir\u0161iumi (&lt;205 mm)<br \/>\nPlieninis r\u0117mas, da\u017eytas milteliniu b\u016bdu, savaime i\u0161silaikantis<br \/>\nSkirtas montuoti ant sienos arba montuoti \u012f sien\u0105 su smeig\u0117mis<br \/>\nvisi\u0161kai surinktas<br \/>\nobjekt\u0173 jungtys ir armat\u016bra reguliuojamas auk\u0161tis<br \/>\nsu greitu reguliavimu ir auk\u0161\u010dio fiksavimu<br \/>\nmed\u017eiagos tvirtinimas<br \/>\nBidet\u0117s tvirtinimo var\u017etai, i\u0161leidimo alk\u016bn\u0117 DN 50<br \/>\ntarpiklis A~ 32 mm<br \/>\n2 garso izoliacijos vo\u017etuv\u0173 jungtys DN 15<br \/>\nBideto tvirtinimo med\u017eiaga<br \/>\nMontavimui reikalingi sien\u0173 kampuo\u010diai Rapid SL 38 558 00M (u\u017esakomi atskirai)<\/p>","protected":false},"excerpt":{"rendered":"<p>EAN: 4005176291357<\/p>\n<p>SKU:38553001<\/p>\n<p>Svoris: 12.45 kg<\/p>","protected":false},"featured_media":623,"comment_status":"closed","ping_status":"closed","template":"","meta":[],"product_cat":[26,178,193,195,197],"product_tag":[],"class_list":{"0":"post-622","1":"product","2":"type-product","3":"status-publish","4":"has-post-thumbnail","6":"produktu-serija-rapid-sl","7":"produkto-gamintojas-grohe","8":"product_cat-vonios-kambarys","9":"product_cat-santechnine-keramika","10":"product_cat-potinkiniai-remai-ir-klavisai","11":"product_cat-potinkiniai-remai","12":"product_cat-bide-potinkiniai-remai","14":"first","15":"instock","16":"sale","17":"taxable","18":"shipping-taxable","19":"purchasable","20":"product-type-simple"},"_links":{"self":[{"href":"https:\/\/vonia24.com\/ru\/wp-json\/wp\/v2\/product\/622","targetHints":{"allow":["GET"]}}],"collection":[{"href":"https:\/\/vonia24.com\/ru\/wp-json\/wp\/v2\/product"}],"about":[{"href":"https:\/\/vonia24.com\/ru\/wp-json\/wp\/v2\/types\/product"}],"replies":[{"embeddable":true,"href":"https:\/\/vonia24.com\/ru\/wp-json\/wp\/v2\/comments?post=622"}],"wp:featuredmedia":[{"embeddable":true,"href":"https:\/\/vonia24.com\/ru\/wp-json\/wp\/v2\/media\/623"}],"wp:attachment":[{"href":"https:\/\/vonia24.com\/ru\/wp-json\/wp\/v2\/media?parent=622"}],"wp:term":[{"taxonomy":"product_cat","embeddable":true,"href":"https:\/\/vonia24.com\/ru\/wp-json\/wp\/v2\/product_cat?post=622"},{"taxonomy":"product_tag","embeddable":true,"href":"https:\/\/vonia24.com\/ru\/wp-json\/wp\/v2\/product_tag?post=622"}],"curies":[{"name":"wp","href":"https:\/\/api.w.org\/{rel}","templated":true}]}}