{"id":638,"date":"2023-10-02T14:18:58","date_gmt":"2023-10-02T12:18:58","guid":{"rendered":"https:\/\/vonia24.com\/?post_type=product&#038;p=638"},"modified":"2024-07-22T12:18:46","modified_gmt":"2024-07-22T10:18:46","slug":"essence-new-single-handle-bath-mixer-with-point-set","status":"publish","type":"product","link":"https:\/\/vonia24.com\/ru\/product\/essence-new-single-handle-bath-mixer-with-point-set\/","title":{"rendered":"ESSENCE NEW &#8211; VIENO SVERTO VONIOS MAI\u0160YTUVAS SU TA\u0160K\u0172 RINKINIU"},"content":{"rendered":"<p>Prie sienos tvirtinamas<br \/>\nMetalin\u0117 svirtis<br \/>\nGROHE SilkMove keramin\u0117 galvut\u0117 35 mm, su temperat\u016bros ribotuvu<br \/>\nGROHE StarLight chromo apdaila<br \/>\nAutomatinis vonios \/ du\u0161o jungiklis<br \/>\naeratorius<br \/>\nDu\u0161o i\u0161\u0117jimas 1\/2&#8243;<br \/>\nintegruotas atbulinis vo\u017etuvas<br \/>\nS jungtys<br \/>\natbulinio srauto prevencija<br \/>\nsu du\u0161o rinkiniu<br \/>\nsudedamosios dalys:<br \/>\n&#8222;Euphoria Cosmopolitan Stick&#8221; rankinis du\u0161as (27 367)<br \/>\ndu\u0161o rankena &#8222;Tempesta Cosmopolitan 100&#8221; (27 594 000)<br \/>\n&#8222;Silverflex&#8221; du\u0161o \u017earna 1500 mm (28 364 000)<br \/>\nminimalus rekomenduojamas sl\u0117gis 1,0 bar<br \/>\nchromo spalva<\/p>","protected":false},"excerpt":{"rendered":"<p>EAN: 4005176990793<\/p>\n<p>SKU:33628001<\/p>\n<p>Svoris: 3.135 kg<\/p>","protected":false},"featured_media":639,"comment_status":"closed","ping_status":"closed","template":"","meta":[],"product_cat":[26,166,169],"product_tag":[],"class_list":{"0":"post-638","1":"product","2":"type-product","3":"status-publish","4":"has-post-thumbnail","6":"produktu-serija-essence-new","7":"produkto-gamintojas-grohe","8":"product_cat-vonios-kambarys","9":"product_cat-vandens-maisytuvai","10":"product_cat-vonios-maisytuvai-vandens-maisytuvai","12":"first","13":"instock","14":"sale","15":"taxable","16":"shipping-taxable","17":"purchasable","18":"product-type-simple"},"_links":{"self":[{"href":"https:\/\/vonia24.com\/ru\/wp-json\/wp\/v2\/product\/638","targetHints":{"allow":["GET"]}}],"collection":[{"href":"https:\/\/vonia24.com\/ru\/wp-json\/wp\/v2\/product"}],"about":[{"href":"https:\/\/vonia24.com\/ru\/wp-json\/wp\/v2\/types\/product"}],"replies":[{"embeddable":true,"href":"https:\/\/vonia24.com\/ru\/wp-json\/wp\/v2\/comments?post=638"}],"wp:featuredmedia":[{"embeddable":true,"href":"https:\/\/vonia24.com\/ru\/wp-json\/wp\/v2\/media\/639"}],"wp:attachment":[{"href":"https:\/\/vonia24.com\/ru\/wp-json\/wp\/v2\/media?parent=638"}],"wp:term":[{"taxonomy":"product_cat","embeddable":true,"href":"https:\/\/vonia24.com\/ru\/wp-json\/wp\/v2\/product_cat?post=638"},{"taxonomy":"product_tag","embeddable":true,"href":"https:\/\/vonia24.com\/ru\/wp-json\/wp\/v2\/product_tag?post=638"}],"curies":[{"name":"wp","href":"https:\/\/api.w.org\/{rel}","templated":true}]}}