{"id":642,"date":"2023-10-02T15:25:31","date_gmt":"2023-10-02T13:25:31","guid":{"rendered":"https:\/\/vonia24.com\/?post_type=product&#038;p=642"},"modified":"2024-07-22T12:18:44","modified_gmt":"2024-07-22T10:18:44","slug":"single-handle-element-for-recessed-building","status":"publish","type":"product","link":"https:\/\/vonia24.com\/ru\/product\/single-handle-element-for-recessed-building\/","title":{"rendered":"VIENOS SVIRTIES ELEMENTAS, SKIRTAS POTINKINIS MONTAVIMUI"},"content":{"rendered":"<p>Skirtas 2 skyli\u0173 praustuvo mai\u0161ytuvui<br \/>\nmontuojamas prie sienos<br \/>\nbe i\u0161 anksto sumontuot\u0173 komponent\u0173<br \/>\nGROHE SilkMove 35 mm keramin\u0117 galvut\u0117<br \/>\nReguliuojamas srauto ribotuvas<br \/>\nsu temperat\u016bros ribotuvu<br \/>\nsnapelis gali b\u016bti i\u0161d\u0117stytas kair\u0117je arba de\u0161in\u0117je pus\u0117je<br \/>\nmontavimo gylis nuo 45 iki 75 mm<br \/>\nkorozijai atsparus DR \u017ealvaris<br \/>\nmontavimo \u012ftaisas, u\u017etikrinantis sienos konstrukcijos, supan\u010dios \u012fleid\u017eiam\u0105j\u012f element\u0105, sandarum\u0105<br \/>\nsu sandarikliu<\/p>","protected":false},"excerpt":{"rendered":"<p>EAN: 4005176334276<\/p>\n<p>SKU:23571000<\/p>\n<p>Svoris: 1.338 kg<\/p>","protected":false},"featured_media":643,"comment_status":"closed","ping_status":"closed","template":"","meta":[],"product_cat":[26,166,177],"product_tag":[],"class_list":{"0":"post-642","1":"product","2":"type-product","3":"status-publish","4":"has-post-thumbnail","6":"produkto-gamintojas-grohe","7":"product_cat-vonios-kambarys","8":"product_cat-vandens-maisytuvai","9":"product_cat-komplektuojancios-maisytuvu-dalys","11":"first","12":"instock","13":"sale","14":"taxable","15":"shipping-taxable","16":"purchasable","17":"product-type-simple"},"_links":{"self":[{"href":"https:\/\/vonia24.com\/ru\/wp-json\/wp\/v2\/product\/642","targetHints":{"allow":["GET"]}}],"collection":[{"href":"https:\/\/vonia24.com\/ru\/wp-json\/wp\/v2\/product"}],"about":[{"href":"https:\/\/vonia24.com\/ru\/wp-json\/wp\/v2\/types\/product"}],"replies":[{"embeddable":true,"href":"https:\/\/vonia24.com\/ru\/wp-json\/wp\/v2\/comments?post=642"}],"wp:featuredmedia":[{"embeddable":true,"href":"https:\/\/vonia24.com\/ru\/wp-json\/wp\/v2\/media\/643"}],"wp:attachment":[{"href":"https:\/\/vonia24.com\/ru\/wp-json\/wp\/v2\/media?parent=642"}],"wp:term":[{"taxonomy":"product_cat","embeddable":true,"href":"https:\/\/vonia24.com\/ru\/wp-json\/wp\/v2\/product_cat?post=642"},{"taxonomy":"product_tag","embeddable":true,"href":"https:\/\/vonia24.com\/ru\/wp-json\/wp\/v2\/product_tag?post=642"}],"curies":[{"name":"wp","href":"https:\/\/api.w.org\/{rel}","templated":true}]}}