{"id":646,"date":"2023-10-02T15:31:50","date_gmt":"2023-10-02T13:31:50","guid":{"rendered":"https:\/\/vonia24.com\/?post_type=product&#038;p=646"},"modified":"2024-07-22T12:18:43","modified_gmt":"2024-07-22T10:18:43","slug":"lineare-single-lever-shower-mixer-wall-mounted","status":"publish","type":"product","link":"https:\/\/vonia24.com\/ru\/product\/lineare-single-lever-shower-mixer-wall-mounted\/","title":{"rendered":"LINEARE VIENO SVERTO DU\u0160O MAI\u0160YTUVAS, SKIRTAS MONTUOTI ANT SIENOS"},"content":{"rendered":"<p>Prie sienos tvirtinamas<br \/>\nMetalin\u0117 svirtis<br \/>\nGROHE SilkMove keramin\u0117 galvut\u0117 35 mm, su temperat\u016bros ribotuvu<br \/>\nGROHE StarLight chromo apdaila<br \/>\nDu\u0161o i\u0161\u0117jimas 1\/2&#8243;<br \/>\nintegruotas atbulinis vo\u017etuvas<br \/>\npasl\u0117ptos S jungtys<br \/>\natgalinio srauto prevencija<br \/>\nminimalus rekomenduojamas sl\u0117gis 1,0 bar<br \/>\nchromo spalva<\/p>","protected":false},"excerpt":{"rendered":"<p>EAN: 4005176409202<\/p>\n<p>SKU:33865001<\/p>\n<p>Svoris: 1.9 kg<\/p>","protected":false},"featured_media":647,"comment_status":"closed","ping_status":"closed","template":"","meta":[],"product_cat":[26,166,170],"product_tag":[],"class_list":{"0":"post-646","1":"product","2":"type-product","3":"status-publish","4":"has-post-thumbnail","6":"produktu-serija-lineare","7":"produkto-gamintojas-grohe","8":"product_cat-vonios-kambarys","9":"product_cat-vandens-maisytuvai","10":"product_cat-duso-maisytuvai-vandens-maisytuvai","12":"first","13":"instock","14":"sale","15":"taxable","16":"shipping-taxable","17":"purchasable","18":"product-type-simple"},"_links":{"self":[{"href":"https:\/\/vonia24.com\/ru\/wp-json\/wp\/v2\/product\/646","targetHints":{"allow":["GET"]}}],"collection":[{"href":"https:\/\/vonia24.com\/ru\/wp-json\/wp\/v2\/product"}],"about":[{"href":"https:\/\/vonia24.com\/ru\/wp-json\/wp\/v2\/types\/product"}],"replies":[{"embeddable":true,"href":"https:\/\/vonia24.com\/ru\/wp-json\/wp\/v2\/comments?post=646"}],"wp:featuredmedia":[{"embeddable":true,"href":"https:\/\/vonia24.com\/ru\/wp-json\/wp\/v2\/media\/647"}],"wp:attachment":[{"href":"https:\/\/vonia24.com\/ru\/wp-json\/wp\/v2\/media?parent=646"}],"wp:term":[{"taxonomy":"product_cat","embeddable":true,"href":"https:\/\/vonia24.com\/ru\/wp-json\/wp\/v2\/product_cat?post=646"},{"taxonomy":"product_tag","embeddable":true,"href":"https:\/\/vonia24.com\/ru\/wp-json\/wp\/v2\/product_tag?post=646"}],"curies":[{"name":"wp","href":"https:\/\/api.w.org\/{rel}","templated":true}]}}