{"id":652,"date":"2023-10-02T16:18:59","date_gmt":"2023-10-02T14:18:59","guid":{"rendered":"https:\/\/vonia24.com\/?post_type=product&#038;p=652"},"modified":"2024-07-22T12:18:40","modified_gmt":"2024-07-22T10:18:40","slug":"rapid-sl-concealed-frame-for-urinal","status":"publish","type":"product","link":"https:\/\/vonia24.com\/ru\/product\/rapid-sl-concealed-frame-for-urinal\/","title":{"rendered":"RAPID SL &#8211; POTINKINIS PISUARO R\u0116MAS"},"content":{"rendered":"<p>Montavimo auk\u0161tis 1,13 ir 1,30 m<br \/>\nsu rankiniu arba &#8222;Tectron&#8221; 6V arba 230V infraraudon\u0173j\u0173 spinduli\u0173 valdymu<br \/>\ngalima montuoti ant sienos arba r\u0117mo<br \/>\nplieninis r\u0117mas, da\u017eytas milteliniu b\u016bdu, savaime i\u0161silaikantis, skirtas sausai statybai<br \/>\ni\u0161 anksto sukomplektuotos, reguliuojamo auk\u0161\u010dio objekt\u0173 jungtys, su greitu auk\u0161\u010dio reguliavimu ir auk\u0161\u010dio fiksavimu,<br \/>\ntvirtinimo med\u017eiaga<br \/>\nI\u0161leidimo alk\u016bn\u0117 DN 50<br \/>\ntvirtinimo var\u017etai M8, su keraminiu tvirtinimu<br \/>\n\u012fvado jungtis ir \u012fvado komplektas<br \/>\nvandens \u012frenginys su u\u017edaromuoju vo\u017etuvu<br \/>\nsrauto sl\u0117gis min. 0,5 bar<br \/>\ndarbinis sl\u0117gis maks. 10 bar<br \/>\npagalbinis praplovimo rinkinys<br \/>\ngamykloje i\u0161bandytas darbinis elementas<br \/>\nvandens jungtys 1\/2&#8243; i\u0161orinis sriegis<br \/>\njungiamoji d\u0117\u017eut\u0117 230 V \u012ftampai<br \/>\nmontavimo d\u0117\u017eut\u0117 su tarpikliu<br \/>\npatikrinimo kamera i\u0161 anksto sumontuotiems rinkiniams 116 x 144 mm<br \/>\nmontavimui reikalingas sieninis laikiklis Rapid SL 38 558 00M (u\u017esakomas atskirai)<\/p>","protected":false},"excerpt":{"rendered":"<p>EAN: 4005176864025<\/p>\n<p>SKU:38786001<\/p>\n<p>Svoris: 12 kg<\/p>","protected":false},"featured_media":653,"comment_status":"closed","ping_status":"closed","template":"","meta":[],"product_cat":[26,178,193,195,199],"product_tag":[],"class_list":{"0":"post-652","1":"product","2":"type-product","3":"status-publish","4":"has-post-thumbnail","6":"produktu-serija-rapid-sl","7":"produkto-gamintojas-grohe","8":"product_cat-vonios-kambarys","9":"product_cat-santechnine-keramika","10":"product_cat-potinkiniai-remai-ir-klavisai","11":"product_cat-potinkiniai-remai","12":"product_cat-pisuarui","14":"first","15":"instock","16":"sale","17":"taxable","18":"shipping-taxable","19":"purchasable","20":"product-type-simple"},"_links":{"self":[{"href":"https:\/\/vonia24.com\/ru\/wp-json\/wp\/v2\/product\/652","targetHints":{"allow":["GET"]}}],"collection":[{"href":"https:\/\/vonia24.com\/ru\/wp-json\/wp\/v2\/product"}],"about":[{"href":"https:\/\/vonia24.com\/ru\/wp-json\/wp\/v2\/types\/product"}],"replies":[{"embeddable":true,"href":"https:\/\/vonia24.com\/ru\/wp-json\/wp\/v2\/comments?post=652"}],"wp:featuredmedia":[{"embeddable":true,"href":"https:\/\/vonia24.com\/ru\/wp-json\/wp\/v2\/media\/653"}],"wp:attachment":[{"href":"https:\/\/vonia24.com\/ru\/wp-json\/wp\/v2\/media?parent=652"}],"wp:term":[{"taxonomy":"product_cat","embeddable":true,"href":"https:\/\/vonia24.com\/ru\/wp-json\/wp\/v2\/product_cat?post=652"},{"taxonomy":"product_tag","embeddable":true,"href":"https:\/\/vonia24.com\/ru\/wp-json\/wp\/v2\/product_tag?post=652"}],"curies":[{"name":"wp","href":"https:\/\/api.w.org\/{rel}","templated":true}]}}