{"id":705,"date":"2023-10-03T13:08:26","date_gmt":"2023-10-03T11:08:26","guid":{"rendered":"https:\/\/vonia24.com\/?post_type=product&#038;p=705"},"modified":"2024-07-22T12:18:21","modified_gmt":"2024-07-22T10:18:21","slug":"mounting-element-for-free-standing-fixers-and-bath-spouts","status":"publish","type":"product","link":"https:\/\/vonia24.com\/ru\/product\/mounting-element-for-free-standing-fixers-and-bath-spouts\/","title":{"rendered":"LAISVAI PASTATOM\u0172 MAI\u0160YTUV\u0172 IR VONIOS SNAPELI\u0172 MONTAVIMO ELEMENTAS"},"content":{"rendered":"<p>Skirtas laisvai pastatomiems vonios mai\u0161ytuvams, vonios snapeliams ir du\u0161o sistemoms be i\u0161 anksto sumontuot\u0173 komponent\u0173<br \/>\nmontavimo plok\u0161t\u0117 reguliuojama 360\u00b0 kampu horizontaliai ir 3\u00b0 vertikaliai, mai\u0161ytuv\u0173 ir vonios snapeli\u0173 montavimo gylis 53-157 mm<br \/>\nmontavimo nuokrypa 104 mm<br \/>\ndu\u0161o sistem\u0173 montavimo gylis 65-157 mm<br \/>\nmontavimo nuokrypa 92 mm<br \/>\nvandens jungtis 1\/2&#8243;<br \/>\n\u012f vanden\u012f \u012fleid\u017eiama jungtis<br \/>\npover\u017el\u0117<br \/>\ntvirtinimo med\u017eiaga<\/p>","protected":false},"excerpt":{"rendered":"<p>EAN: 4005176992056<\/p>\n<p>SKU:45984001<\/p>\n<p>Svoris: 2.195 kg<\/p>","protected":false},"featured_media":706,"comment_status":"closed","ping_status":"closed","template":"","meta":[],"product_cat":[26,166,177],"product_tag":[],"class_list":{"0":"post-705","1":"product","2":"type-product","3":"status-publish","4":"has-post-thumbnail","6":"produkto-gamintojas-grohe","7":"product_cat-vonios-kambarys","8":"product_cat-vandens-maisytuvai","9":"product_cat-komplektuojancios-maisytuvu-dalys","11":"first","12":"instock","13":"sale","14":"taxable","15":"shipping-taxable","16":"purchasable","17":"product-type-simple"},"_links":{"self":[{"href":"https:\/\/vonia24.com\/ru\/wp-json\/wp\/v2\/product\/705","targetHints":{"allow":["GET"]}}],"collection":[{"href":"https:\/\/vonia24.com\/ru\/wp-json\/wp\/v2\/product"}],"about":[{"href":"https:\/\/vonia24.com\/ru\/wp-json\/wp\/v2\/types\/product"}],"replies":[{"embeddable":true,"href":"https:\/\/vonia24.com\/ru\/wp-json\/wp\/v2\/comments?post=705"}],"wp:featuredmedia":[{"embeddable":true,"href":"https:\/\/vonia24.com\/ru\/wp-json\/wp\/v2\/media\/706"}],"wp:attachment":[{"href":"https:\/\/vonia24.com\/ru\/wp-json\/wp\/v2\/media?parent=705"}],"wp:term":[{"taxonomy":"product_cat","embeddable":true,"href":"https:\/\/vonia24.com\/ru\/wp-json\/wp\/v2\/product_cat?post=705"},{"taxonomy":"product_tag","embeddable":true,"href":"https:\/\/vonia24.com\/ru\/wp-json\/wp\/v2\/product_tag?post=705"}],"curies":[{"name":"wp","href":"https:\/\/api.w.org\/{rel}","templated":true}]}}