{"id":711,"date":"2023-10-03T13:12:57","date_gmt":"2023-10-03T11:12:57","guid":{"rendered":"https:\/\/vonia24.com\/?post_type=product&#038;p=711"},"modified":"2024-07-22T12:18:20","modified_gmt":"2024-07-22T10:18:20","slug":"essence-smartcontrol-kitchen-mixer-with-pull-out-spout","status":"publish","type":"product","link":"https:\/\/vonia24.com\/ru\/product\/essence-smartcontrol-kitchen-mixer-with-pull-out-spout\/","title":{"rendered":"ESSENCE SMARTCONTROL PLAUTUV\u0116S MAI\u0160YTUVAS SU I\u0160TRAUKIAMU SNAPELIU"},"content":{"rendered":"<p>Montavimas per vien\u0105 skyl\u0119<br \/>\nGROHE StarLight chromo apdaila<br \/>\nI\u0161traukiamasis purk\u0161tuvas su laminarine srove<br \/>\nGrohe Magnetic Docking leid\u017eia i\u0161traukiam\u0105j\u012f snapel\u012f lengvai ir tiksliai \u012fstatyti \u012f pradin\u0119 pad\u0117t\u012f<br \/>\nSmartControl vandens srauto valdymas: nuo<br \/>\nekonomi\u0161ko EcoJoy iki pilno srauto<br \/>\nVandens temperat\u016bros reguliavimas sukamuoju \u017eiedu ant mai\u0161ytuvo korpuso<br \/>\nPasukamas snapelis<br \/>\n140\u00b0 pasukimo kampas<br \/>\nApsauga nuo atbulinio srauto<br \/>\nLanks\u010dios jungiamosios \u017earnos<br \/>\nGreitas ir paprastas GROHE QuickFix Plus montavimas, nereikia joki\u0173 \u012franki\u0173<br \/>\nAtskiri GROHE Zero vandens kanalai &#8211; jokio s\u0105ly\u010dio su \u0161vinu ir nikeliu<\/p>","protected":false},"excerpt":{"rendered":"<p>EAN: 4005176523649<\/p>\n<p>SKU:31615000<\/p>\n<p>Svoris: 3.345 kg<\/p>","protected":false},"featured_media":712,"comment_status":"closed","ping_status":"closed","template":"","meta":[],"product_cat":[27,201],"product_tag":[],"class_list":{"0":"post-711","1":"product","2":"type-product","3":"status-publish","4":"has-post-thumbnail","6":"produktu-serija-essence-smartcontrol","7":"produkto-gamintojas-grohe","8":"product_cat-virtuve","9":"product_cat-virtuves-maisytuvai","11":"first","12":"instock","13":"sale","14":"taxable","15":"shipping-taxable","16":"purchasable","17":"product-type-simple"},"_links":{"self":[{"href":"https:\/\/vonia24.com\/ru\/wp-json\/wp\/v2\/product\/711","targetHints":{"allow":["GET"]}}],"collection":[{"href":"https:\/\/vonia24.com\/ru\/wp-json\/wp\/v2\/product"}],"about":[{"href":"https:\/\/vonia24.com\/ru\/wp-json\/wp\/v2\/types\/product"}],"replies":[{"embeddable":true,"href":"https:\/\/vonia24.com\/ru\/wp-json\/wp\/v2\/comments?post=711"}],"wp:featuredmedia":[{"embeddable":true,"href":"https:\/\/vonia24.com\/ru\/wp-json\/wp\/v2\/media\/712"}],"wp:attachment":[{"href":"https:\/\/vonia24.com\/ru\/wp-json\/wp\/v2\/media?parent=711"}],"wp:term":[{"taxonomy":"product_cat","embeddable":true,"href":"https:\/\/vonia24.com\/ru\/wp-json\/wp\/v2\/product_cat?post=711"},{"taxonomy":"product_tag","embeddable":true,"href":"https:\/\/vonia24.com\/ru\/wp-json\/wp\/v2\/product_tag?post=711"}],"curies":[{"name":"wp","href":"https:\/\/api.w.org\/{rel}","templated":true}]}}