{"id":715,"date":"2023-10-03T13:43:36","date_gmt":"2023-10-03T11:43:36","guid":{"rendered":"https:\/\/vonia24.com\/?post_type=product&#038;p=715"},"modified":"2024-07-22T12:18:19","modified_gmt":"2024-07-22T10:18:19","slug":"grohtherm-cube-bath-mixer-with-thermostat-dn-15","status":"publish","type":"product","link":"https:\/\/vonia24.com\/ru\/product\/grohtherm-cube-bath-mixer-with-thermostat-dn-15\/","title":{"rendered":"GROHTHERM CUBE VONIOS MAI\u0160YTUVAS SU TERMOSTATU, DN 15"},"content":{"rendered":"<p>Prie sienos tvirtinamas<br \/>\nGROHE StarLight chromo apdaila<br \/>\nGROHE SafeStop u\u017eraktas esant 38 \u00b0C temperat\u016brai<br \/>\nGROHE SafeStop Plus \u012ftrauktas pasirenkamas temperat\u016bros ribotuvas 43\u00b0C<br \/>\nGROHE TurboStat termostatin\u0117 galvut\u0117, integruotas mi\u0161raus vandens u\u017edarymas<br \/>\nGROHE AquaDimmer Plus, \u012fskaitant \u0161ias funkcijas:<br \/>\n&#8211; GROHE EcoButton (pagalbinis vandens srauto ma\u017einimo mygtukas)<br \/>\n&#8211; srauto grei\u010dio reguliavimas<br \/>\n&#8211; vonios\/du\u0161o jungiklis<br \/>\n1\/2&#8243; du\u0161o i\u0161vestis apa\u010dioje<br \/>\nGROHE XL Waterfall vandens srov\u0117<br \/>\nsrov\u0117s reguliatorius<br \/>\nIntegruoti atbuliniai vo\u017etuvai<br \/>\nne\u0161varum\u0173 sieteliai<br \/>\nApsauga nuo gr\u012f\u017etamojo srauto<br \/>\npasl\u0117ptos S jungtys<br \/>\nGROHE EcoJoy &#8211; ma\u017eesnis vandens suvartojimas<br \/>\nchromas<\/p>","protected":false},"excerpt":{"rendered":"<p>EAN: 4005176940675<\/p>\n<p>SKU:34497000<\/p>\n<p>Svoris: 3.17 kg<\/p>","protected":false},"featured_media":716,"comment_status":"closed","ping_status":"closed","template":"","meta":[],"product_cat":[26,166,174,169],"product_tag":[],"class_list":{"0":"post-715","1":"product","2":"type-product","3":"status-publish","4":"has-post-thumbnail","6":"produktu-serija-grohtherm-cube","7":"produkto-gamintojas-grohe","8":"product_cat-vonios-kambarys","9":"product_cat-vandens-maisytuvai","10":"product_cat-termostatiniai-maisytuvai","11":"product_cat-vonios-maisytuvai-vandens-maisytuvai","13":"first","14":"instock","15":"sale","16":"taxable","17":"shipping-taxable","18":"purchasable","19":"product-type-simple"},"_links":{"self":[{"href":"https:\/\/vonia24.com\/ru\/wp-json\/wp\/v2\/product\/715","targetHints":{"allow":["GET"]}}],"collection":[{"href":"https:\/\/vonia24.com\/ru\/wp-json\/wp\/v2\/product"}],"about":[{"href":"https:\/\/vonia24.com\/ru\/wp-json\/wp\/v2\/types\/product"}],"replies":[{"embeddable":true,"href":"https:\/\/vonia24.com\/ru\/wp-json\/wp\/v2\/comments?post=715"}],"wp:featuredmedia":[{"embeddable":true,"href":"https:\/\/vonia24.com\/ru\/wp-json\/wp\/v2\/media\/716"}],"wp:attachment":[{"href":"https:\/\/vonia24.com\/ru\/wp-json\/wp\/v2\/media?parent=715"}],"wp:term":[{"taxonomy":"product_cat","embeddable":true,"href":"https:\/\/vonia24.com\/ru\/wp-json\/wp\/v2\/product_cat?post=715"},{"taxonomy":"product_tag","embeddable":true,"href":"https:\/\/vonia24.com\/ru\/wp-json\/wp\/v2\/product_tag?post=715"}],"curies":[{"name":"wp","href":"https:\/\/api.w.org\/{rel}","templated":true}]}}