{"id":732,"date":"2023-10-03T14:49:19","date_gmt":"2023-10-03T12:49:19","guid":{"rendered":"https:\/\/vonia24.com\/?post_type=product&#038;p=732"},"modified":"2024-07-22T12:18:12","modified_gmt":"2024-07-22T10:18:12","slug":"minta-touch-electronic-single-lever-kitchen-mixer-chrome-360-spout-rotation-46mm-ceramic-head-pull-out-spout-touch-flow","status":"publish","type":"product","link":"https:\/\/vonia24.com\/ru\/product\/minta-touch-electronic-single-lever-kitchen-mixer-chrome-360-spout-rotation-46mm-ceramic-head-pull-out-spout-touch-flow\/","title":{"rendered":"MINTA TOUCH ELEKTRONINIS VIENOS SVIRTIES KRIAUKL\u0116S MAI\u0160YTUVAS, CHROMAS, 360\u00b0 PASUKIMO KAMPAS, 46 MM KERAMIN\u0116 GALVUT\u0116, I\u0160TRAUKIAMASIS SNAPELIS, SRAUTO JUTIKLINIS VALDYMAS"},"content":{"rendered":"<p>montavimas per vien\u0105 ang\u0105<br \/>\nsnapelis L<br \/>\nmaitinimo \u0161altinis 6 V li\u010dio baterija CR-P2<br \/>\nCE \u017eenklas<br \/>\nGROHE SilkMove keramin\u0117 galvut\u0117 46 mm<br \/>\nreguliuojamas srauto ribotuvas<br \/>\npasukamas snapelis<br \/>\n360\u00b0 pasukimo kampas<br \/>\nlanks\u010dios prijungimo \u017earnos<\/p>","protected":false},"excerpt":{"rendered":"<p>EAN: 4005176343025<\/p>\n<p>SKU:31360001<\/p>\n<p>Svoris: 4.735 kg<\/p>","protected":false},"featured_media":733,"comment_status":"closed","ping_status":"closed","template":"","meta":[],"product_cat":[27,201],"product_tag":[],"class_list":{"0":"post-732","1":"product","2":"type-product","3":"status-publish","4":"has-post-thumbnail","6":"produktu-serija-minta-touch","7":"produkto-gamintojas-grohe","8":"product_cat-virtuve","9":"product_cat-virtuves-maisytuvai","11":"first","12":"instock","13":"sale","14":"taxable","15":"shipping-taxable","16":"purchasable","17":"product-type-simple"},"_links":{"self":[{"href":"https:\/\/vonia24.com\/ru\/wp-json\/wp\/v2\/product\/732","targetHints":{"allow":["GET"]}}],"collection":[{"href":"https:\/\/vonia24.com\/ru\/wp-json\/wp\/v2\/product"}],"about":[{"href":"https:\/\/vonia24.com\/ru\/wp-json\/wp\/v2\/types\/product"}],"replies":[{"embeddable":true,"href":"https:\/\/vonia24.com\/ru\/wp-json\/wp\/v2\/comments?post=732"}],"wp:featuredmedia":[{"embeddable":true,"href":"https:\/\/vonia24.com\/ru\/wp-json\/wp\/v2\/media\/733"}],"wp:attachment":[{"href":"https:\/\/vonia24.com\/ru\/wp-json\/wp\/v2\/media?parent=732"}],"wp:term":[{"taxonomy":"product_cat","embeddable":true,"href":"https:\/\/vonia24.com\/ru\/wp-json\/wp\/v2\/product_cat?post=732"},{"taxonomy":"product_tag","embeddable":true,"href":"https:\/\/vonia24.com\/ru\/wp-json\/wp\/v2\/product_tag?post=732"}],"curies":[{"name":"wp","href":"https:\/\/api.w.org\/{rel}","templated":true}]}}