{"id":734,"date":"2023-10-03T15:01:06","date_gmt":"2023-10-03T13:01:06","guid":{"rendered":"https:\/\/vonia24.com\/?post_type=product&#038;p=734"},"modified":"2024-07-22T12:09:09","modified_gmt":"2024-07-22T10:09:09","slug":"essence-4-hole-bath-mixer","status":"publish","type":"product","link":"https:\/\/vonia24.com\/ru\/product\/essence-4-hole-bath-mixer\/","title":{"rendered":"ESSENCE &#8211; 4 SKYLI\u0172 VONIOS MAI\u0160YTUVAS"},"content":{"rendered":"<p>GROHE SilkMove 35 mm keramin\u0117 galvut\u0117 su temperat\u016bros ribotuvu<br \/>\nGROHE StarLight chromo apdaila<br \/>\nsudedamosios dalys:<br \/>\nMontuojamasis snapelis<br \/>\nVienos svirties mai\u0161ytuvo valdymo elementas<br \/>\nmetalin\u0117 svirtis<br \/>\nvonios snapelis su aeratoriumi<br \/>\nvonios \/ du\u0161o jungiklis<br \/>\nchromo spalvos: rankinis du\u0161as 27 806 000, kit\u0173 spalv\u0173 rankinis du\u0161as 26 465 &#8230;<br \/>\nmetalin\u0117 du\u0161o \u017earna 2000 mm<br \/>\nlanks\u010dios jungiamosios \u017earnos<br \/>\ndu\u0161o \u017earnos jungtis<br \/>\natbulinio srauto prevencija<br \/>\npasirenkama jungtis su 29 037 000 (u\u017esakoma atskirai)<br \/>\nminimalus rekomenduojamas sl\u0117gis 1,0 bar<br \/>\nchromo spalva<\/p>","protected":false},"excerpt":{"rendered":"<p>EAN: 4005176307195<\/p>\n<p>SKU:19578001<\/p>\n<p>Svoris: 6.775 kg<\/p>","protected":false},"featured_media":735,"comment_status":"closed","ping_status":"closed","template":"","meta":[],"product_cat":[26,166,169],"product_tag":[],"class_list":{"0":"post-734","1":"product","2":"type-product","3":"status-publish","4":"has-post-thumbnail","6":"produktu-serija-essence-new","7":"produkto-gamintojas-grohe","8":"product_cat-vonios-kambarys","9":"product_cat-vandens-maisytuvai","10":"product_cat-vonios-maisytuvai-vandens-maisytuvai","12":"first","13":"instock","14":"sale","15":"taxable","16":"shipping-taxable","17":"purchasable","18":"product-type-simple"},"_links":{"self":[{"href":"https:\/\/vonia24.com\/ru\/wp-json\/wp\/v2\/product\/734","targetHints":{"allow":["GET"]}}],"collection":[{"href":"https:\/\/vonia24.com\/ru\/wp-json\/wp\/v2\/product"}],"about":[{"href":"https:\/\/vonia24.com\/ru\/wp-json\/wp\/v2\/types\/product"}],"replies":[{"embeddable":true,"href":"https:\/\/vonia24.com\/ru\/wp-json\/wp\/v2\/comments?post=734"}],"wp:featuredmedia":[{"embeddable":true,"href":"https:\/\/vonia24.com\/ru\/wp-json\/wp\/v2\/media\/735"}],"wp:attachment":[{"href":"https:\/\/vonia24.com\/ru\/wp-json\/wp\/v2\/media?parent=734"}],"wp:term":[{"taxonomy":"product_cat","embeddable":true,"href":"https:\/\/vonia24.com\/ru\/wp-json\/wp\/v2\/product_cat?post=734"},{"taxonomy":"product_tag","embeddable":true,"href":"https:\/\/vonia24.com\/ru\/wp-json\/wp\/v2\/product_tag?post=734"}],"curies":[{"name":"wp","href":"https:\/\/api.w.org\/{rel}","templated":true}]}}