{"id":738,"date":"2023-10-03T15:23:43","date_gmt":"2023-10-03T13:23:43","guid":{"rendered":"https:\/\/vonia24.com\/?post_type=product&#038;p=738"},"modified":"2024-07-22T12:18:09","modified_gmt":"2024-07-22T10:18:09","slug":"euphoria-system-smart-control-310-duo-shower-system-with-thermostat-for-wall-mounting","status":"publish","type":"product","link":"https:\/\/vonia24.com\/ru\/product\/euphoria-system-smart-control-310-duo-shower-system-with-thermostat-for-wall-mounting\/","title":{"rendered":"EUPHORIA SYSTEM SMART CONTROL 310 DUO DU\u0160O SISTEMA SU TERMOSTATU, MONTUOJAMA ANT SIENOS"},"content":{"rendered":"<p>Sudedamosios dalys:<br \/>\nDu\u0161o rankena 450 mm<br \/>\nReguliuojamas vir\u0161utinis laikiklis, kad b\u016bt\u0173 galima minimaliai priderinti prie esam\u0173 ang\u0173<br \/>\nSmartControl termostatas<br \/>\nPerjungimas: lietvamzdis \/ rankinis du\u0161as<br \/>\nRainshower SmartActive 310 lietaus du\u0161as<br \/>\nGROHE PureRain ir Jet srov\u0117s<br \/>\nEuphoria 110 Massage rankinis du\u0161as, baltas rankinis du\u0161as<br \/>\n3 srovi\u0173 tipai: Rain, SmartRain, Massage<br \/>\nReguliuojamas du\u0161o laikiklis<br \/>\nSilverflex du\u0161o \u017earna 1750 mm (28 388)<br \/>\nGROHE DreamSpray tobulas purk\u0161tuvas<br \/>\nGROHE StarLight chromo apdaila<br \/>\nGROHE CoolTouch n\u0117ra pavojaus nusideginti nuo kar\u0161t\u0173 pavir\u0161i\u0173<br \/>\nGROHE TurboStat termostatinis rankinis du\u0161as<br \/>\nGROHE ProGrip ranken\u0117l\u0117s su rakteliais<br \/>\nGROHE EcoJoy suma\u017eintas vandens suvartojimas<br \/>\nGROHE SafeStop esant 38 \u00b0C temperat\u016brai<br \/>\nGROHE SafeStop Plus \u012ftrauktas pasirenkamas temperat\u016bros ribotuvas 43\u00b0C<br \/>\nSmartControl jungiklis<br \/>\nVandens srauto reguliavimas: nuo ekonomi\u0161ko EcoJoy iki pilnas Full Flow<br \/>\nGROHE EasyReach integruota lentyn\u0117l\u0117<br \/>\nSpeedClean apsaugos nuo kalki\u0173 susidarymo sistema<br \/>\nVidinis vandens kanalas<br \/>\nTwistfree sistema, apsauganti du\u0161o \u017earn\u0105 nuo susisukimo<br \/>\nTinka momentiniams vandens \u0161ildytuvams su min. 18 kW<br \/>\nmin. srautas 7 l\/min.<br \/>\nminimalus rekomenduojamas sl\u0117gis 1,0 bar<br \/>\nchromo spalva<\/p>","protected":false},"excerpt":{"rendered":"<p>EAN: 4005176457586<\/p>\n<p>SKU:26507000<\/p>\n<p>Svoris: 7.094 kg<\/p>","protected":false},"featured_media":739,"comment_status":"closed","ping_status":"closed","template":"","meta":[],"product_cat":[26,146,163,213],"product_tag":[],"class_list":{"0":"post-738","1":"product","2":"type-product","3":"status-publish","4":"has-post-thumbnail","6":"produktu-serija-euphoria-smartcontrol-system","7":"produkto-gamintojas-grohe","8":"product_cat-vonios-kambarys","9":"product_cat-dusai","10":"product_cat-duso-komplektai-ir-sistemos","11":"product_cat-virstinkines-duso-sistemos","13":"first","14":"instock","15":"sale","16":"taxable","17":"shipping-taxable","18":"purchasable","19":"product-type-simple"},"_links":{"self":[{"href":"https:\/\/vonia24.com\/ru\/wp-json\/wp\/v2\/product\/738","targetHints":{"allow":["GET"]}}],"collection":[{"href":"https:\/\/vonia24.com\/ru\/wp-json\/wp\/v2\/product"}],"about":[{"href":"https:\/\/vonia24.com\/ru\/wp-json\/wp\/v2\/types\/product"}],"replies":[{"embeddable":true,"href":"https:\/\/vonia24.com\/ru\/wp-json\/wp\/v2\/comments?post=738"}],"wp:featuredmedia":[{"embeddable":true,"href":"https:\/\/vonia24.com\/ru\/wp-json\/wp\/v2\/media\/739"}],"wp:attachment":[{"href":"https:\/\/vonia24.com\/ru\/wp-json\/wp\/v2\/media?parent=738"}],"wp:term":[{"taxonomy":"product_cat","embeddable":true,"href":"https:\/\/vonia24.com\/ru\/wp-json\/wp\/v2\/product_cat?post=738"},{"taxonomy":"product_tag","embeddable":true,"href":"https:\/\/vonia24.com\/ru\/wp-json\/wp\/v2\/product_tag?post=738"}],"curies":[{"name":"wp","href":"https:\/\/api.w.org\/{rel}","templated":true}]}}