{"id":748,"date":"2023-10-04T11:09:06","date_gmt":"2023-10-04T09:09:06","guid":{"rendered":"https:\/\/vonia24.com\/?post_type=product&#038;p=748"},"modified":"2024-07-22T12:18:03","modified_gmt":"2024-07-22T10:18:03","slug":"grohtherm-cube-concealed-shower-set-rainshower-allure-230","status":"publish","type":"product","link":"https:\/\/vonia24.com\/ru\/product\/grohtherm-cube-concealed-shower-set-rainshower-allure-230\/","title":{"rendered":"GROHTHERM CUBE POTINKINIS DU\u0160O RINKINYS SU LIETAUS DU\u0160U RAINSHOWER ALLURE 230"},"content":{"rendered":"<p>Komponentai:<br \/>\nGrohtherm Cube termostatinis du\u0161o mai\u0161ytuvas su dviguba vandens i\u0161eiga (24 154 000)<br \/>\nGROHE Rapido SmartBox universali pasl\u0117pta armat\u016bra (35 600 000)<br \/>\nRainshower Allure 230 metalinis purk\u0161tuvas (27 479)<br \/>\nDu\u0161o rankena Rainshower (27 709 000)<br \/>\nRankinis du\u0161as Euphoria Cube 9,5 l\/min (27 699 000)<br \/>\nSienin\u0117 alk\u016bn\u0117 Euphoria Cube su integruotu sieniniu laikikliu (26 370 000)<br \/>\nSilverflex du\u0161o \u017earna 1250 mm (28 362)<br \/>\nchromo spalva<\/p>","protected":false},"excerpt":{"rendered":"<p>EAN: 4005176481208<\/p>\n<p>SKU:34741000<\/p>\n<p>Svoris: 9.19 kg<\/p>","protected":false},"featured_media":750,"comment_status":"closed","ping_status":"closed","template":"","meta":[],"product_cat":[26,146,163,214],"product_tag":[],"class_list":{"0":"post-748","1":"product","2":"type-product","3":"status-publish","4":"has-post-thumbnail","6":"produktu-serija-grohtherm-cube","7":"produkto-gamintojas-grohe","8":"product_cat-vonios-kambarys","9":"product_cat-dusai","10":"product_cat-duso-komplektai-ir-sistemos","11":"product_cat-potinkines-duso-sistemos","13":"first","14":"instock","15":"sale","16":"taxable","17":"shipping-taxable","18":"purchasable","19":"product-type-simple"},"_links":{"self":[{"href":"https:\/\/vonia24.com\/ru\/wp-json\/wp\/v2\/product\/748","targetHints":{"allow":["GET"]}}],"collection":[{"href":"https:\/\/vonia24.com\/ru\/wp-json\/wp\/v2\/product"}],"about":[{"href":"https:\/\/vonia24.com\/ru\/wp-json\/wp\/v2\/types\/product"}],"replies":[{"embeddable":true,"href":"https:\/\/vonia24.com\/ru\/wp-json\/wp\/v2\/comments?post=748"}],"wp:featuredmedia":[{"embeddable":true,"href":"https:\/\/vonia24.com\/ru\/wp-json\/wp\/v2\/media\/750"}],"wp:attachment":[{"href":"https:\/\/vonia24.com\/ru\/wp-json\/wp\/v2\/media?parent=748"}],"wp:term":[{"taxonomy":"product_cat","embeddable":true,"href":"https:\/\/vonia24.com\/ru\/wp-json\/wp\/v2\/product_cat?post=748"},{"taxonomy":"product_tag","embeddable":true,"href":"https:\/\/vonia24.com\/ru\/wp-json\/wp\/v2\/product_tag?post=748"}],"curies":[{"name":"wp","href":"https:\/\/api.w.org\/{rel}","templated":true}]}}