{"id":751,"date":"2023-10-04T11:15:51","date_gmt":"2023-10-04T09:15:51","guid":{"rendered":"https:\/\/vonia24.com\/?post_type=product&#038;p=751"},"modified":"2024-07-22T12:18:02","modified_gmt":"2024-07-22T10:18:02","slug":"grohtherm-smartcontrol-rainshower-310","status":"publish","type":"product","link":"https:\/\/vonia24.com\/ru\/product\/grohtherm-smartcontrol-rainshower-310\/","title":{"rendered":"GROHTHERM SMARTCONTROL RAINSHOWER 310 SMARTACTIVE DU\u0160O RINKINYS"},"content":{"rendered":"<p>Komponentai:<br \/>\nTermostatinis mai\u0161ytuvas trims vandens i\u0161leidimo angoms valdyti<br \/>\nGrohtherm SmartControl (29 121 000)<br \/>\nGROHE Rapido SmartBox 35 600 000<br \/>\nDu\u0161o rinkinys Rainshower 310 SmartActive (26 475 000), sudarytas i\u0161 du\u0161o su dviem pur\u0161kimo b\u016bdais.<br \/>\n400 mm du\u0161o rankena ir pasl\u0117ptu montavimu (26 483 000)<br \/>\nRankinis du\u0161as Euphoria Cosmopolitan Stick (27 367)<br \/>\nSienin\u0117 du\u0161o atrama Rainshower (27 074 000)<br \/>\nAnt sienos montuojama jungiamoji alk\u016bn\u0117 Rainshower (27 057 000)<br \/>\nSilverflex du\u0161o \u017earna 1500 mm (28 364 000)<br \/>\nchromo spalva<\/p>","protected":false},"excerpt":{"rendered":"<p>EAN: 4005176413285<\/p>\n<p>SKU:34705000<\/p>\n<p>Svoris: 10 kg<\/p>","protected":false},"featured_media":752,"comment_status":"closed","ping_status":"closed","template":"","meta":[],"product_cat":[26,146,163,214],"product_tag":[],"class_list":{"0":"post-751","1":"product","2":"type-product","3":"status-publish","4":"has-post-thumbnail","6":"produktu-serija-grohtherm-smartcontrol","7":"produkto-gamintojas-grohe","8":"product_cat-vonios-kambarys","9":"product_cat-dusai","10":"product_cat-duso-komplektai-ir-sistemos","11":"product_cat-potinkines-duso-sistemos","13":"first","14":"instock","15":"sale","16":"taxable","17":"shipping-taxable","18":"purchasable","19":"product-type-simple"},"_links":{"self":[{"href":"https:\/\/vonia24.com\/ru\/wp-json\/wp\/v2\/product\/751","targetHints":{"allow":["GET"]}}],"collection":[{"href":"https:\/\/vonia24.com\/ru\/wp-json\/wp\/v2\/product"}],"about":[{"href":"https:\/\/vonia24.com\/ru\/wp-json\/wp\/v2\/types\/product"}],"replies":[{"embeddable":true,"href":"https:\/\/vonia24.com\/ru\/wp-json\/wp\/v2\/comments?post=751"}],"wp:featuredmedia":[{"embeddable":true,"href":"https:\/\/vonia24.com\/ru\/wp-json\/wp\/v2\/media\/752"}],"wp:attachment":[{"href":"https:\/\/vonia24.com\/ru\/wp-json\/wp\/v2\/media?parent=751"}],"wp:term":[{"taxonomy":"product_cat","embeddable":true,"href":"https:\/\/vonia24.com\/ru\/wp-json\/wp\/v2\/product_cat?post=751"},{"taxonomy":"product_tag","embeddable":true,"href":"https:\/\/vonia24.com\/ru\/wp-json\/wp\/v2\/product_tag?post=751"}],"curies":[{"name":"wp","href":"https:\/\/api.w.org\/{rel}","templated":true}]}}