{"id":755,"date":"2023-10-04T11:30:30","date_gmt":"2023-10-04T09:30:30","guid":{"rendered":"https:\/\/vonia24.com\/?post_type=product&#038;p=755"},"modified":"2024-07-22T12:17:59","modified_gmt":"2024-07-22T10:17:59","slug":"rainshower-smart-control-360-duo-chrome-shower-system-with-thermostat-for-wall-mounting","status":"publish","type":"product","link":"https:\/\/vonia24.com\/ru\/product\/rainshower-smart-control-360-duo-chrome-shower-system-with-thermostat-for-wall-mounting\/","title":{"rendered":"RAINSHOWER SMART CONTROL 360 DUO CHROMUOTA DU\u0160O SISTEMA SU TERMOSTATU, SKIRTA MONTUOTI ANT SIENOS"},"content":{"rendered":"<p>Komponentai:<br \/>\nHorizontali du\u0161o rankena 500 mm<br \/>\nSmartControl termostatas<br \/>\njungiklis: lietaus du\u0161as \/ rankinis du\u0161as<br \/>\nRainshower Duo 360 chromuota lietaus du\u0161o rankena<br \/>\nPurk\u0161tuk\u0173 tipai: GROHE PureRain\/GROHE Rain O2 purk\u0161tukas ir TrioMassage<br \/>\nRankinis du\u0161as Power Soul 115&#8243; (27 671 LS0), baltas rankinio du\u0161o skydelis<br \/>\n2 srov\u0117s: GROHE Rain O2, Rain<br \/>\nRankinio du\u0161o laikiklis (27 055)<br \/>\nDu\u0161o \u017earna Silverflex 1750 mm (28 388)<br \/>\nma\u017eiausias srautas 10 l\/min<br \/>\nGROHE DreamSpray tobulas purk\u0161tuvas<br \/>\nGROHE StarLight chromo apdaila<br \/>\nGROHE CoolTouch n\u0117ra pavojaus nusideginti nuo kar\u0161t\u0173 pavir\u0161i\u0173<br \/>\nGROHE TurboStat termostatinis rankinis du\u0161as<br \/>\nGROHE EcoJoy suma\u017eintas vandens suvartojimas<br \/>\nGROHE SafeStop blokavimas esant 38 \u00b0C temperat\u016brai<br \/>\nGROHE SafeStop Plus \u012ftrauktas pasirenkamas temperat\u016bros ribotuvas 43\u00b0C<br \/>\nSmartControl jungiklis<br \/>\nVandens srauto reguliavimas: nuo ekonomi\u0161ko EcoJoy iki pilnas Full Flow<br \/>\nGROHE EasyReach du\u0161o lentyn\u0117l\u0117<br \/>\nSpeedClean apsaugos nuo kalk\u0117jimo sistema<br \/>\nVidinis vandens kanalas, tinkamas momentiniams vandens \u0161ildytuvams min. 18 kW<br \/>\nTwistfree du\u0161o \u017earnos sistema, apsauganti nuo susisukimo, pasirenkama montuojant pirm\u0105 kart\u0105<br \/>\nGamyklinis nustatymas: GROHE PureRain purk\u0161tuvas<br \/>\nchromo spalva<\/p>","protected":false},"excerpt":{"rendered":"<p>EAN: 4005176316999<\/p>\n<p>SKU:26250000<\/p>\n<p>Svoris: 10.84 kg<\/p>","protected":false},"featured_media":756,"comment_status":"closed","ping_status":"closed","template":"","meta":[],"product_cat":[26,146,163,213],"product_tag":[],"class_list":{"0":"post-755","1":"product","2":"type-product","3":"status-publish","4":"has-post-thumbnail","6":"produktu-serija-rainshower-smartcontrol","7":"produkto-gamintojas-grohe","8":"product_cat-vonios-kambarys","9":"product_cat-dusai","10":"product_cat-duso-komplektai-ir-sistemos","11":"product_cat-virstinkines-duso-sistemos","13":"first","14":"instock","15":"sale","16":"taxable","17":"shipping-taxable","18":"purchasable","19":"product-type-simple"},"_links":{"self":[{"href":"https:\/\/vonia24.com\/ru\/wp-json\/wp\/v2\/product\/755","targetHints":{"allow":["GET"]}}],"collection":[{"href":"https:\/\/vonia24.com\/ru\/wp-json\/wp\/v2\/product"}],"about":[{"href":"https:\/\/vonia24.com\/ru\/wp-json\/wp\/v2\/types\/product"}],"replies":[{"embeddable":true,"href":"https:\/\/vonia24.com\/ru\/wp-json\/wp\/v2\/comments?post=755"}],"wp:featuredmedia":[{"embeddable":true,"href":"https:\/\/vonia24.com\/ru\/wp-json\/wp\/v2\/media\/756"}],"wp:attachment":[{"href":"https:\/\/vonia24.com\/ru\/wp-json\/wp\/v2\/media?parent=755"}],"wp:term":[{"taxonomy":"product_cat","embeddable":true,"href":"https:\/\/vonia24.com\/ru\/wp-json\/wp\/v2\/product_cat?post=755"},{"taxonomy":"product_tag","embeddable":true,"href":"https:\/\/vonia24.com\/ru\/wp-json\/wp\/v2\/product_tag?post=755"}],"curies":[{"name":"wp","href":"https:\/\/api.w.org\/{rel}","templated":true}]}}