{"id":776,"date":"2023-10-04T13:05:04","date_gmt":"2023-10-04T11:05:04","guid":{"rendered":"https:\/\/vonia24.com\/?post_type=product&#038;p=776"},"modified":"2024-07-22T12:17:56","modified_gmt":"2024-07-22T10:17:56","slug":"776","status":"publish","type":"product","link":"https:\/\/vonia24.com\/ru\/product\/776\/","title":{"rendered":"EUPHORIA SYSTEM 260 DU\u0160O SISTEMA SU TERMOSTATU, MONTUOJAMA ANT SIENOS, CHROMAS"},"content":{"rendered":"<p>komponentai:<br \/>\nhorizontalus pasukamas petys 450 mm<br \/>\natviras termostatas su Aquadimmer funkcija<br \/>\njungiklis: lietaus du\u0161o galva\/rankinis du\u0161as<br \/>\nLietaus du\u0161as Euphoria 260 (26 455)<br \/>\n3 srovi\u0173 tipai: Rain, SmartRain, Jet<br \/>\nsu rutuline jungtimi<br \/>\npasukimo kampas \u00b1 15\u00b0<br \/>\nRankinis du\u0161as Euphoria 110 Massage (27 221)<br \/>\n3 srovi\u0173 tipai: Rain, Massage, SmartRain<br \/>\nReguliuojamas du\u0161o laikiklis<br \/>\nSilverflex du\u0161o \u017earna 1750 mm (28 388)<br \/>\nGROHE TurboStat termostatin\u0117 du\u0161o galvut\u0117<br \/>\nGROHE SafeStop 38\u00b0C blokavimo mechanizmas<br \/>\nGROHE SafeStop Plus \u012ftrauktas pasirenkamas 43\u00b0C temperat\u016bros ribotuvas<br \/>\nGROHE SprayDimmer (tolygus srauto ma\u017einimas)<br \/>\nSpeedClean sistema nuo apna\u0161\u0173 susidarymo<br \/>\nTwistStop sistema, apsauganti du\u0161o \u017earn\u0105 nuo susisukimo<br \/>\nTinka momentiniams vandens \u0161ildytuvams su min. 18 kW<br \/>\nmin. srautas 7 l\/min.<\/p>","protected":false},"excerpt":{"rendered":"<p>EAN: 4005176613425<\/p>\n<p>SKU:27296003<\/p>\n<p>Svoris: 7.4 kg<\/p>","protected":false},"featured_media":778,"comment_status":"closed","ping_status":"closed","template":"","meta":[],"product_cat":[26,146,163,213],"product_tag":[],"class_list":{"0":"post-776","1":"product","2":"type-product","3":"status-publish","4":"has-post-thumbnail","6":"produktu-serija-euphoria-system","7":"produkto-gamintojas-grohe","8":"product_cat-vonios-kambarys","9":"product_cat-dusai","10":"product_cat-duso-komplektai-ir-sistemos","11":"product_cat-virstinkines-duso-sistemos","13":"first","14":"instock","15":"sale","16":"taxable","17":"shipping-taxable","18":"purchasable","19":"product-type-simple"},"_links":{"self":[{"href":"https:\/\/vonia24.com\/ru\/wp-json\/wp\/v2\/product\/776","targetHints":{"allow":["GET"]}}],"collection":[{"href":"https:\/\/vonia24.com\/ru\/wp-json\/wp\/v2\/product"}],"about":[{"href":"https:\/\/vonia24.com\/ru\/wp-json\/wp\/v2\/types\/product"}],"replies":[{"embeddable":true,"href":"https:\/\/vonia24.com\/ru\/wp-json\/wp\/v2\/comments?post=776"}],"wp:featuredmedia":[{"embeddable":true,"href":"https:\/\/vonia24.com\/ru\/wp-json\/wp\/v2\/media\/778"}],"wp:attachment":[{"href":"https:\/\/vonia24.com\/ru\/wp-json\/wp\/v2\/media?parent=776"}],"wp:term":[{"taxonomy":"product_cat","embeddable":true,"href":"https:\/\/vonia24.com\/ru\/wp-json\/wp\/v2\/product_cat?post=776"},{"taxonomy":"product_tag","embeddable":true,"href":"https:\/\/vonia24.com\/ru\/wp-json\/wp\/v2\/product_tag?post=776"}],"curies":[{"name":"wp","href":"https:\/\/api.w.org\/{rel}","templated":true}]}}