{"id":779,"date":"2023-10-04T13:12:13","date_gmt":"2023-10-04T11:12:13","guid":{"rendered":"https:\/\/vonia24.com\/?post_type=product&#038;p=779"},"modified":"2024-07-22T12:17:55","modified_gmt":"2024-07-22T10:17:55","slug":"euphoria-smartcontrol-system-310-cube-duo-shower-system-with-thermostat-for-wall-mounting","status":"publish","type":"product","link":"https:\/\/vonia24.com\/ru\/product\/euphoria-smartcontrol-system-310-cube-duo-shower-system-with-thermostat-for-wall-mounting\/","title":{"rendered":"EUPHORIA SMARTCONTROL SYSTEM 310 CUBE DUO DU\u0160O SISTEMA SU TERMOSTATU, SKIRTA MONTUOTI ANT SIENOS"},"content":{"rendered":"<p>Sudedamosios dalys:<br \/>\nDu\u0161o rankena 450 mm<br \/>\nreguliuojamas vir\u0161utinis laikiklis, kad b\u016bt\u0173 galima minimaliai pritaikyti prie esam\u0173 ang\u0173<br \/>\nSmartControl termostatas<br \/>\nPerjungimas: lietvamzdis \/ rankinis du\u0161as<br \/>\nRainshower SmartActive 310 Cube lietaus du\u0161as<br \/>\nGROHE PureRain ir Jet srov\u0117s<br \/>\nEuphoria Cube Stick rankinis du\u0161as<br \/>\nReguliuojamas du\u0161o laikiklis<br \/>\nSilverflex du\u0161o \u017earna 1750 mm (28 388)<br \/>\nGROHE DreamSpray tobulas purk\u0161tuvas<br \/>\nGROHE CoolTouch n\u0117ra pavojaus nusideginti nuo kar\u0161t\u0173 pavir\u0161i\u0173<br \/>\nGROHE TurboStat termostatinis rankinis du\u0161as<br \/>\nGROHE ProGrip rankenos su rakteliais<br \/>\nGROHE EcoJoy ma\u017eesniam vandens suvartojimui<br \/>\nGROHE StarLight chromo apdaila<br \/>\nGROHE SafeStop esant 38 \u00b0C temperat\u016brai<br \/>\nGROHE SafeStop Plus su papildomu temperat\u016bros ribotuvu 43\u00b0C<br \/>\nSmartControl jungiklis<br \/>\nVandens srauto reguliavimas: nuo ekonomi\u0161ko EcoJoy iki pilnas Full Flow<br \/>\nGROHE EasyReach integruota lentyn\u0117l\u0117<br \/>\nSpeedClean sistema nuo kalki\u0173 nuos\u0117d\u0173<br \/>\nVidinis vandens kanalas<br \/>\nTwistfree du\u0161o \u017earnos sistema nuo susisukimo, tinkanti momentiniams vandens \u0161ildytuvams min. 18 kW<br \/>\nmin. debitas 7 l\/min.<br \/>\nmin. rekomenduojamas sl\u0117gis 1,0 bar<br \/>\nchromo spalva<\/p>","protected":false},"excerpt":{"rendered":"<p>EAN:4005176457593<\/p>\n<p>SKU:26508000<\/p>\n<p>Svoris: 8.431 kg<\/p>","protected":false},"featured_media":780,"comment_status":"closed","ping_status":"closed","template":"","meta":[],"product_cat":[26,146,163,213],"product_tag":[],"class_list":{"0":"post-779","1":"product","2":"type-product","3":"status-publish","4":"has-post-thumbnail","6":"produktu-serija-euphoria-smartcontrol-system","7":"produkto-gamintojas-grohe","8":"product_cat-vonios-kambarys","9":"product_cat-dusai","10":"product_cat-duso-komplektai-ir-sistemos","11":"product_cat-virstinkines-duso-sistemos","13":"first","14":"instock","15":"sale","16":"taxable","17":"shipping-taxable","18":"purchasable","19":"product-type-simple"},"_links":{"self":[{"href":"https:\/\/vonia24.com\/ru\/wp-json\/wp\/v2\/product\/779","targetHints":{"allow":["GET"]}}],"collection":[{"href":"https:\/\/vonia24.com\/ru\/wp-json\/wp\/v2\/product"}],"about":[{"href":"https:\/\/vonia24.com\/ru\/wp-json\/wp\/v2\/types\/product"}],"replies":[{"embeddable":true,"href":"https:\/\/vonia24.com\/ru\/wp-json\/wp\/v2\/comments?post=779"}],"wp:featuredmedia":[{"embeddable":true,"href":"https:\/\/vonia24.com\/ru\/wp-json\/wp\/v2\/media\/780"}],"wp:attachment":[{"href":"https:\/\/vonia24.com\/ru\/wp-json\/wp\/v2\/media?parent=779"}],"wp:term":[{"taxonomy":"product_cat","embeddable":true,"href":"https:\/\/vonia24.com\/ru\/wp-json\/wp\/v2\/product_cat?post=779"},{"taxonomy":"product_tag","embeddable":true,"href":"https:\/\/vonia24.com\/ru\/wp-json\/wp\/v2\/product_tag?post=779"}],"curies":[{"name":"wp","href":"https:\/\/api.w.org\/{rel}","templated":true}]}}