{"id":806,"date":"2023-10-04T16:30:39","date_gmt":"2023-10-04T14:30:39","guid":{"rendered":"https:\/\/vonia24.com\/?post_type=product&#038;p=806"},"modified":"2024-07-22T12:17:49","modified_gmt":"2024-07-22T10:17:49","slug":"rainshower-wall-connection-elbow-chrome-with-round-rosette","status":"publish","type":"product","link":"https:\/\/vonia24.com\/ru\/product\/rainshower-wall-connection-elbow-chrome-with-round-rosette\/","title":{"rendered":"RAINSHOWER SIENIN\u0116 JUNGIAMOJI ALK\u016aN\u0116, CHROMUOTA, SU APVALIA ROZETE"},"content":{"rendered":"<p>Vyri\u0161kas sriegis<br \/>\nsu apvalia rozete<br \/>\nApsauga nuo atgalinio srauto<br \/>\nGROHE StarLight chromuota apdaila<\/p>","protected":false},"excerpt":{"rendered":"<p>EAN: 4005176830457<\/p>\n<p>SKU:27057000<\/p>\n<p>Svoris: 0.168 kg<\/p>","protected":false},"featured_media":807,"comment_status":"closed","ping_status":"closed","template":"","meta":[],"product_cat":[26,146,161],"product_tag":[],"class_list":{"0":"post-806","1":"product","2":"type-product","3":"status-publish","4":"has-post-thumbnail","6":"produktu-serija-rainshower-neutral","7":"produkto-gamintojas-grohe","8":"product_cat-vonios-kambarys","9":"product_cat-dusai","10":"product_cat-duso-kabinu-priedai","12":"first","13":"instock","14":"sale","15":"taxable","16":"shipping-taxable","17":"purchasable","18":"product-type-simple"},"_links":{"self":[{"href":"https:\/\/vonia24.com\/ru\/wp-json\/wp\/v2\/product\/806","targetHints":{"allow":["GET"]}}],"collection":[{"href":"https:\/\/vonia24.com\/ru\/wp-json\/wp\/v2\/product"}],"about":[{"href":"https:\/\/vonia24.com\/ru\/wp-json\/wp\/v2\/types\/product"}],"replies":[{"embeddable":true,"href":"https:\/\/vonia24.com\/ru\/wp-json\/wp\/v2\/comments?post=806"}],"wp:featuredmedia":[{"embeddable":true,"href":"https:\/\/vonia24.com\/ru\/wp-json\/wp\/v2\/media\/807"}],"wp:attachment":[{"href":"https:\/\/vonia24.com\/ru\/wp-json\/wp\/v2\/media?parent=806"}],"wp:term":[{"taxonomy":"product_cat","embeddable":true,"href":"https:\/\/vonia24.com\/ru\/wp-json\/wp\/v2\/product_cat?post=806"},{"taxonomy":"product_tag","embeddable":true,"href":"https:\/\/vonia24.com\/ru\/wp-json\/wp\/v2\/product_tag?post=806"}],"curies":[{"name":"wp","href":"https:\/\/api.w.org\/{rel}","templated":true}]}}