{"id":820,"date":"2023-10-04T17:51:45","date_gmt":"2023-10-04T15:51:45","guid":{"rendered":"https:\/\/vonia24.com\/?post_type=product&#038;p=820"},"modified":"2024-07-22T12:17:47","modified_gmt":"2024-07-22T10:17:47","slug":"bauedge-single-lever-shower-mixer-35-mm-head","status":"publish","type":"product","link":"https:\/\/vonia24.com\/ru\/product\/bauedge-single-lever-shower-mixer-35-mm-head\/","title":{"rendered":"BAUEDGE VIENO SVERTO DU\u0160O MAI\u0160YTUVAS, 35 MM GALVUT\u0116"},"content":{"rendered":"<p>Sieninis montavimas<br \/>\nMetalin\u0117 svirtis<br \/>\nGROHE Longlife 35 mm keramin\u0117 galvut\u0117<br \/>\nsu temperat\u016bros ribotuvu<br \/>\nGROHE StarLight chromo apdaila<br \/>\nReguliuojamas srauto ribotuvas<br \/>\n1\/2&#8243; du\u0161o i\u0161vestis apa\u010dioje<br \/>\nsu integruotu atbuliniu vo\u017etuvu<br \/>\nGr\u012f\u017etamojo srauto prevencija<br \/>\nS jungtys<br \/>\nMetalin\u0117 sienin\u0117 rozet\u0117<\/p>","protected":false},"excerpt":{"rendered":"<p>EAN: 4005176556524<\/p>\n<p>SKU:23635001<\/p>\n<p>Svoris: 1.215 kg<\/p>","protected":false},"featured_media":821,"comment_status":"closed","ping_status":"closed","template":"","meta":[],"product_cat":[26,166,170],"product_tag":[],"class_list":{"0":"post-820","1":"product","2":"type-product","3":"status-publish","4":"has-post-thumbnail","6":"produktu-serija-bauedge","7":"produkto-gamintojas-grohe","8":"product_cat-vonios-kambarys","9":"product_cat-vandens-maisytuvai","10":"product_cat-duso-maisytuvai-vandens-maisytuvai","12":"first","13":"instock","14":"sale","15":"taxable","16":"shipping-taxable","17":"purchasable","18":"product-type-simple"},"_links":{"self":[{"href":"https:\/\/vonia24.com\/ru\/wp-json\/wp\/v2\/product\/820","targetHints":{"allow":["GET"]}}],"collection":[{"href":"https:\/\/vonia24.com\/ru\/wp-json\/wp\/v2\/product"}],"about":[{"href":"https:\/\/vonia24.com\/ru\/wp-json\/wp\/v2\/types\/product"}],"replies":[{"embeddable":true,"href":"https:\/\/vonia24.com\/ru\/wp-json\/wp\/v2\/comments?post=820"}],"wp:featuredmedia":[{"embeddable":true,"href":"https:\/\/vonia24.com\/ru\/wp-json\/wp\/v2\/media\/821"}],"wp:attachment":[{"href":"https:\/\/vonia24.com\/ru\/wp-json\/wp\/v2\/media?parent=820"}],"wp:term":[{"taxonomy":"product_cat","embeddable":true,"href":"https:\/\/vonia24.com\/ru\/wp-json\/wp\/v2\/product_cat?post=820"},{"taxonomy":"product_tag","embeddable":true,"href":"https:\/\/vonia24.com\/ru\/wp-json\/wp\/v2\/product_tag?post=820"}],"curies":[{"name":"wp","href":"https:\/\/api.w.org\/{rel}","templated":true}]}}