{"id":842,"date":"2023-10-04T19:24:26","date_gmt":"2023-10-04T17:24:26","guid":{"rendered":"https:\/\/vonia24.com\/?post_type=product&#038;p=842"},"modified":"2024-07-22T12:08:53","modified_gmt":"2024-07-22T10:08:53","slug":"euphoria-cube-stick-shower-set-chrome-flow-limiter-9-5-l-min-hose-1250-mm-with-integrated-elbow","status":"publish","type":"product","link":"https:\/\/vonia24.com\/ru\/product\/euphoria-cube-stick-shower-set-chrome-flow-limiter-9-5-l-min-hose-1250-mm-with-integrated-elbow\/","title":{"rendered":"EUPHORIA CUBE STICK DU\u0160O RINKINYS, CHROMUOTAS, SRAUTO RIBOTUVAS 9,5 L\/MIN, \u017dARNA 1250 MM, SU INTEGRUOTA JUNGIAM\u0104JA ALK\u016aNE"},"content":{"rendered":"<p>Su integruota jungiam\u0105ja alk\u016bne<br \/>\nsudedamosios dalys:<br \/>\nEuphoria Cube rankinis du\u0161as (27 699)<br \/>\nsienin\u0117 jungiamoji alk\u016bn\u0117 su rankena (26 370)<br \/>\nI\u0161orinis sriegis<br \/>\nGr\u012f\u017etamojo srauto prevencija<br \/>\nSilverflex du\u0161o \u017earna 1250 mm (28 362)<br \/>\nGROHE EcoJoy srauto dangtelis 9,5 l\/min<br \/>\nGROHE StarLight chromo apdaila<br \/>\nGROHE DreamSpray tobulas purk\u0161tuvas<br \/>\nSpeedClean sistema nuo apna\u0161\u0173 susidarymo<br \/>\nVidinis vandens kanalas<br \/>\nTwistfree sistema, apsauganti du\u0161o \u017earn\u0105 nuo susisukimo<br \/>\nTinka momentiniams vandens \u0161ildytuvams<br \/>\nMinimalus rekomenduojamas sl\u0117gis 1,0 bar<\/p>","protected":false},"excerpt":{"rendered":"<p>EAN:4005176385162<\/p>\n<p>SKU:26405000<\/p>\n<p>Svoris: 0.66 kg<\/p>","protected":false},"featured_media":844,"comment_status":"closed","ping_status":"closed","template":"","meta":[],"product_cat":[26,146,163,213],"product_tag":[],"class_list":{"0":"post-842","1":"product","2":"type-product","3":"status-publish","4":"has-post-thumbnail","6":"produktu-serija-euphoria-cube","7":"produkto-gamintojas-grohe","8":"product_cat-vonios-kambarys","9":"product_cat-dusai","10":"product_cat-duso-komplektai-ir-sistemos","11":"product_cat-virstinkines-duso-sistemos","13":"first","14":"instock","15":"sale","16":"taxable","17":"shipping-taxable","18":"purchasable","19":"product-type-simple"},"_links":{"self":[{"href":"https:\/\/vonia24.com\/ru\/wp-json\/wp\/v2\/product\/842","targetHints":{"allow":["GET"]}}],"collection":[{"href":"https:\/\/vonia24.com\/ru\/wp-json\/wp\/v2\/product"}],"about":[{"href":"https:\/\/vonia24.com\/ru\/wp-json\/wp\/v2\/types\/product"}],"replies":[{"embeddable":true,"href":"https:\/\/vonia24.com\/ru\/wp-json\/wp\/v2\/comments?post=842"}],"wp:featuredmedia":[{"embeddable":true,"href":"https:\/\/vonia24.com\/ru\/wp-json\/wp\/v2\/media\/844"}],"wp:attachment":[{"href":"https:\/\/vonia24.com\/ru\/wp-json\/wp\/v2\/media?parent=842"}],"wp:term":[{"taxonomy":"product_cat","embeddable":true,"href":"https:\/\/vonia24.com\/ru\/wp-json\/wp\/v2\/product_cat?post=842"},{"taxonomy":"product_tag","embeddable":true,"href":"https:\/\/vonia24.com\/ru\/wp-json\/wp\/v2\/product_tag?post=842"}],"curies":[{"name":"wp","href":"https:\/\/api.w.org\/{rel}","templated":true}]}}