{"id":845,"date":"2023-10-04T19:34:21","date_gmt":"2023-10-04T17:34:21","guid":{"rendered":"https:\/\/vonia24.com\/?post_type=product&#038;p=845"},"modified":"2024-07-22T12:17:38","modified_gmt":"2024-07-22T10:17:38","slug":"grohe-rainshower-130-cube-hand-shower-3-jets-chrome","status":"publish","type":"product","link":"https:\/\/vonia24.com\/ru\/product\/grohe-rainshower-130-cube-hand-shower-3-jets-chrome\/","title":{"rendered":"GROHE RAINSHOWER 130 CUBE RANKINIS DU\u0160AS SU 3 PURK\u0160TUKAIS, CHROMAS"},"content":{"rendered":"<p>Chromuotas lietaus skydas<br \/>\nRain ir Jet srov\u0117s su DripStop ir ActiveMassage funkcijomis<br \/>\nGROHE DreamSpray, kad du\u0161o poj\u016btis b\u016bt\u0173 tobulas<br \/>\nGROHE SmartTip, kad gal\u0117tum\u0117te pasirinkti pur\u0161kimo re\u017eim\u0105 tiesiog paspausdami rankenos \u017eied\u0105<br \/>\nGROHE StarLight chromo apdaila<br \/>\nSpeedClean sistema nuo apna\u0161\u0173 susidarymo<br \/>\nVidinis vandens kanalas<br \/>\nUniversalus montavimas, tinka visiems standartin\u0117ms du\u0161o \u017earnoms<br \/>\nTinka momentiniams vandens \u0161ildytuvams<\/p>","protected":false},"excerpt":{"rendered":"<p>EAN: 4005176479854<\/p>\n<p>SKU:26550000<\/p>\n<p>Svoris: 0.36 kg<\/p>","protected":false},"featured_media":846,"comment_status":"closed","ping_status":"closed","template":"","meta":[],"product_cat":[26,146,161],"product_tag":[],"class_list":{"0":"post-845","1":"product","2":"type-product","3":"status-publish","4":"has-post-thumbnail","6":"produktu-serija-rainshower-smartactive","7":"produkto-gamintojas-grohe","8":"product_cat-vonios-kambarys","9":"product_cat-dusai","10":"product_cat-duso-kabinu-priedai","12":"first","13":"instock","14":"sale","15":"taxable","16":"shipping-taxable","17":"purchasable","18":"product-type-simple"},"_links":{"self":[{"href":"https:\/\/vonia24.com\/ru\/wp-json\/wp\/v2\/product\/845","targetHints":{"allow":["GET"]}}],"collection":[{"href":"https:\/\/vonia24.com\/ru\/wp-json\/wp\/v2\/product"}],"about":[{"href":"https:\/\/vonia24.com\/ru\/wp-json\/wp\/v2\/types\/product"}],"replies":[{"embeddable":true,"href":"https:\/\/vonia24.com\/ru\/wp-json\/wp\/v2\/comments?post=845"}],"wp:featuredmedia":[{"embeddable":true,"href":"https:\/\/vonia24.com\/ru\/wp-json\/wp\/v2\/media\/846"}],"wp:attachment":[{"href":"https:\/\/vonia24.com\/ru\/wp-json\/wp\/v2\/media?parent=845"}],"wp:term":[{"taxonomy":"product_cat","embeddable":true,"href":"https:\/\/vonia24.com\/ru\/wp-json\/wp\/v2\/product_cat?post=845"},{"taxonomy":"product_tag","embeddable":true,"href":"https:\/\/vonia24.com\/ru\/wp-json\/wp\/v2\/product_tag?post=845"}],"curies":[{"name":"wp","href":"https:\/\/api.w.org\/{rel}","templated":true}]}}