{"id":861,"date":"2023-10-05T13:49:54","date_gmt":"2023-10-05T11:49:54","guid":{"rendered":"https:\/\/vonia24.com\/?post_type=product&#038;p=861"},"modified":"2024-07-22T12:17:35","modified_gmt":"2024-07-22T10:17:35","slug":"eurosmart-single-lever-basin-mixer-size-m-chrome-flow-limiter-5-7l-min-28mm-ceramic-head-without-waste-set-separate-water-channels","status":"publish","type":"product","link":"https:\/\/vonia24.com\/ru\/product\/eurosmart-single-lever-basin-mixer-size-m-chrome-flow-limiter-5-7l-min-28mm-ceramic-head-without-waste-set-separate-water-channels\/","title":{"rendered":"EUROSMART &#8211; VIENO SVERTO PRAUSTUVO MAI\u0160YTUVAS, DYDIS M, CHROMAS, SRAUTO RIBOTUVAS 5,7 L\/MIN., 28 MM KERAMIN\u0116 GALVUT\u0116, BE NUOTEK\u0172 RINKINIO, ATSKIRI VANDENS KANALAI"},"content":{"rendered":"<p>Montavimas per vien\u0105 skyl\u0119<br \/>\nMetalin\u0117 svirtis<br \/>\nGROHE SilkMove keramin\u0117 galvut\u0117 28 mm<br \/>\nreguliuojamas srauto ribotuvas<br \/>\nsu temperat\u016bros ribotuvu<br \/>\nGROHE StarLight chromo apdaila<br \/>\nGROHE EcoJoy aeratorius 5,7 l\/min<br \/>\nGROHE Zero atskiri vandens kanalai &#8211; jokio s\u0105ly\u010dio su \u0161vinu ar nikeliu<br \/>\nGROHE FastFixation greito fiksavimo sistema<br \/>\nbe atliek\u0173 rinkinio<br \/>\nLanks\u010dios jungiamosios \u017earnos<\/p>","protected":false},"excerpt":{"rendered":"<p>EAN: 4005176613326<\/p>\n<p>SKU:23324003<\/p>\n<p>Svoris: 1.21 kg<\/p>","protected":false},"featured_media":862,"comment_status":"closed","ping_status":"closed","template":"","meta":[],"product_cat":[26,166,185],"product_tag":[],"class_list":{"0":"post-861","1":"product","2":"type-product","3":"status-publish","4":"has-post-thumbnail","6":"produktu-serija-eurosmart-2021","7":"produkto-gamintojas-grohe","8":"product_cat-vonios-kambarys","9":"product_cat-vandens-maisytuvai","10":"product_cat-praustuvo-maisytuvai-praustuvai","12":"first","13":"instock","14":"sale","15":"taxable","16":"shipping-taxable","17":"purchasable","18":"product-type-simple"},"_links":{"self":[{"href":"https:\/\/vonia24.com\/ru\/wp-json\/wp\/v2\/product\/861","targetHints":{"allow":["GET"]}}],"collection":[{"href":"https:\/\/vonia24.com\/ru\/wp-json\/wp\/v2\/product"}],"about":[{"href":"https:\/\/vonia24.com\/ru\/wp-json\/wp\/v2\/types\/product"}],"replies":[{"embeddable":true,"href":"https:\/\/vonia24.com\/ru\/wp-json\/wp\/v2\/comments?post=861"}],"wp:featuredmedia":[{"embeddable":true,"href":"https:\/\/vonia24.com\/ru\/wp-json\/wp\/v2\/media\/862"}],"wp:attachment":[{"href":"https:\/\/vonia24.com\/ru\/wp-json\/wp\/v2\/media?parent=861"}],"wp:term":[{"taxonomy":"product_cat","embeddable":true,"href":"https:\/\/vonia24.com\/ru\/wp-json\/wp\/v2\/product_cat?post=861"},{"taxonomy":"product_tag","embeddable":true,"href":"https:\/\/vonia24.com\/ru\/wp-json\/wp\/v2\/product_tag?post=861"}],"curies":[{"name":"wp","href":"https:\/\/api.w.org\/{rel}","templated":true}]}}