{"id":864,"date":"2023-10-05T13:55:44","date_gmt":"2023-10-05T11:55:44","guid":{"rendered":"https:\/\/vonia24.com\/?post_type=product&#038;p=864"},"modified":"2024-07-22T12:17:34","modified_gmt":"2024-07-22T10:17:34","slug":"eurosmart-single-lever-shower-mixer-chrome-wall-mount-35mm-ceramic-head-temperature-limiter-adjustable-flow-limiter","status":"publish","type":"product","link":"https:\/\/vonia24.com\/ru\/product\/eurosmart-single-lever-shower-mixer-chrome-wall-mount-35mm-ceramic-head-temperature-limiter-adjustable-flow-limiter\/","title":{"rendered":"EUROSMART &#8211; VIENO SVERTO DU\u0160O MAI\u0160YTUVAS, CHROMAS, SIENINIS, VIR\u0160TINKINIS, 35 MM KERAMIN\u0116 GALVUT\u0116, TEMPERAT\u016aROS RIBOTUVAS, REGULIUOJAMAS SRAUTO RIBOTUVAS"},"content":{"rendered":"<p>Sieninis montavimas<br \/>\nMetalin\u0117 svirtis<br \/>\nGROHE SilkMove keramin\u0117 galvut\u0117 35 mm<br \/>\nReguliuojamas srauto ribotuvas<br \/>\nsu temperat\u016bros ribotuvu<br \/>\nGROHE StarLight chromo apdaila<br \/>\n1\/2&#8243; du\u0161o i\u0161vestis apa\u010dioje<br \/>\nsu integruotu atbuliniu vo\u017etuvu<br \/>\nS jungtys<br \/>\nmetalin\u0117 sienin\u0117 rozet\u0117<br \/>\nApsauga nuo atbulinio srauto<\/p>","protected":false},"excerpt":{"rendered":"<p>EAN: 4005176613562<\/p>\n<p>SKU:33555003<\/p>\n<p>Svoris: 1.465 kg<\/p>","protected":false},"featured_media":865,"comment_status":"closed","ping_status":"closed","template":"","meta":[],"product_cat":[26,166,170],"product_tag":[],"class_list":{"0":"post-864","1":"product","2":"type-product","3":"status-publish","4":"has-post-thumbnail","6":"produktu-serija-eurosmart-2021","7":"produkto-gamintojas-grohe","8":"product_cat-vonios-kambarys","9":"product_cat-vandens-maisytuvai","10":"product_cat-duso-maisytuvai-vandens-maisytuvai","12":"first","13":"instock","14":"sale","15":"taxable","16":"shipping-taxable","17":"purchasable","18":"product-type-simple"},"_links":{"self":[{"href":"https:\/\/vonia24.com\/ru\/wp-json\/wp\/v2\/product\/864","targetHints":{"allow":["GET"]}}],"collection":[{"href":"https:\/\/vonia24.com\/ru\/wp-json\/wp\/v2\/product"}],"about":[{"href":"https:\/\/vonia24.com\/ru\/wp-json\/wp\/v2\/types\/product"}],"replies":[{"embeddable":true,"href":"https:\/\/vonia24.com\/ru\/wp-json\/wp\/v2\/comments?post=864"}],"wp:featuredmedia":[{"embeddable":true,"href":"https:\/\/vonia24.com\/ru\/wp-json\/wp\/v2\/media\/865"}],"wp:attachment":[{"href":"https:\/\/vonia24.com\/ru\/wp-json\/wp\/v2\/media?parent=864"}],"wp:term":[{"taxonomy":"product_cat","embeddable":true,"href":"https:\/\/vonia24.com\/ru\/wp-json\/wp\/v2\/product_cat?post=864"},{"taxonomy":"product_tag","embeddable":true,"href":"https:\/\/vonia24.com\/ru\/wp-json\/wp\/v2\/product_tag?post=864"}],"curies":[{"name":"wp","href":"https:\/\/api.w.org\/{rel}","templated":true}]}}