{"id":874,"date":"2023-10-05T15:00:45","date_gmt":"2023-10-05T13:00:45","guid":{"rendered":"https:\/\/vonia24.com\/?post_type=product&#038;p=874"},"modified":"2024-07-22T12:17:30","modified_gmt":"2024-07-22T10:17:30","slug":"grohe-concetto-basin-mixer-for-single-hole-installation","status":"publish","type":"product","link":"https:\/\/vonia24.com\/ru\/product\/grohe-concetto-basin-mixer-for-single-hole-installation\/","title":{"rendered":"GROHE CONCETTO PRAUSTUVO MAI\u0160YTUVAS, SKIRTAS MONTUOTI PER VIEN\u0104 ANG\u0104"},"content":{"rendered":"<p>Montavimas per vien\u0105 skyl\u0119<br \/>\nMetalin\u0117 svirtis<br \/>\nGROHE SilkMove 28 mm keramin\u0117 galvut\u0117 su temperat\u016bros ribotuvu<br \/>\nGROHE StarLight chromo apdaila<br \/>\nGROHE \u201cQuickFix\u201d montavimo sistema su aeratoriaus centravimo \u017eiedu<br \/>\nAeratorius<br \/>\nNuotek\u0173 rinkinys su 1 1\/4\u2033 i\u0161traukiama rankena<br \/>\nLanks\u010dios jungiamosios \u017earnos<br \/>\nI t\u016brio klas\u0117 pagal DIN 4109<br \/>\nchromo spalva<\/p>","protected":false},"excerpt":{"rendered":"<p>EAN: 4005176887338<\/p>\n<p>SKU:32204001<\/p>\n<p>Svoris: 1.685 kg<\/p>","protected":false},"featured_media":875,"comment_status":"closed","ping_status":"closed","template":"","meta":[],"product_cat":[26,166,185],"product_tag":[],"class_list":{"0":"post-874","1":"product","2":"type-product","3":"status-publish","4":"has-post-thumbnail","6":"produktu-serija-concetto","7":"produkto-gamintojas-grohe","8":"product_cat-vonios-kambarys","9":"product_cat-vandens-maisytuvai","10":"product_cat-praustuvo-maisytuvai-praustuvai","12":"first","13":"instock","14":"sale","15":"taxable","16":"shipping-taxable","17":"purchasable","18":"product-type-simple"},"_links":{"self":[{"href":"https:\/\/vonia24.com\/ru\/wp-json\/wp\/v2\/product\/874","targetHints":{"allow":["GET"]}}],"collection":[{"href":"https:\/\/vonia24.com\/ru\/wp-json\/wp\/v2\/product"}],"about":[{"href":"https:\/\/vonia24.com\/ru\/wp-json\/wp\/v2\/types\/product"}],"replies":[{"embeddable":true,"href":"https:\/\/vonia24.com\/ru\/wp-json\/wp\/v2\/comments?post=874"}],"wp:featuredmedia":[{"embeddable":true,"href":"https:\/\/vonia24.com\/ru\/wp-json\/wp\/v2\/media\/875"}],"wp:attachment":[{"href":"https:\/\/vonia24.com\/ru\/wp-json\/wp\/v2\/media?parent=874"}],"wp:term":[{"taxonomy":"product_cat","embeddable":true,"href":"https:\/\/vonia24.com\/ru\/wp-json\/wp\/v2\/product_cat?post=874"},{"taxonomy":"product_tag","embeddable":true,"href":"https:\/\/vonia24.com\/ru\/wp-json\/wp\/v2\/product_tag?post=874"}],"curies":[{"name":"wp","href":"https:\/\/api.w.org\/{rel}","templated":true}]}}