{"id":876,"date":"2023-10-05T15:15:25","date_gmt":"2023-10-05T13:15:25","guid":{"rendered":"https:\/\/vonia24.com\/?post_type=product&#038;p=876"},"modified":"2024-07-22T12:17:29","modified_gmt":"2024-07-22T10:17:29","slug":"eurosmart-cosmopolitan-single-handle-bath-mixer-with-point-set","status":"publish","type":"product","link":"https:\/\/vonia24.com\/ru\/product\/eurosmart-cosmopolitan-single-handle-bath-mixer-with-point-set\/","title":{"rendered":"EUROSMART COSMOPOLITAN &#8211; VIENO SVERTO VONIOS MAI\u0160YTUVAS SU TA\u0160K\u0172 RINKINIU"},"content":{"rendered":"<p>Prie sienos tvirtinamas<br \/>\nMetalin\u0117 svirtis<br \/>\nGROHE SilkMove keramin\u0117 galvut\u0117 46 mm<br \/>\nGROHE StarLight chromo apdaila<br \/>\nReguliuojamas srauto ribotuvas<br \/>\nMa\u017eiausias srautas 2,5 l\/min<br \/>\nAutomatinis vonios\/du\u0161o jungiklis<br \/>\naeratorius<br \/>\nintegruotas atbulinis vo\u017etuvas du\u0161o i\u0161\u0117jime 1\/2&#8243;<br \/>\nS jungtys<br \/>\natbulinio srauto prevencija<br \/>\npasirenkamas temperat\u016bros ribotuvas (46 308 000)<br \/>\nI garso galios klas\u0117 pagal DIN 4109<br \/>\nsu du\u0161o rinkiniu<br \/>\nkomponentai:<br \/>\nEuphoria Cosmopolitan rankiniu du\u0161u (27 367 000)<br \/>\nsienin\u0117 \u012franga (27 056 000)<br \/>\nRelexaflex du\u0161o \u017earna 1500 mm (28 151 001)<br \/>\nchromo spalva<\/p>","protected":false},"excerpt":{"rendered":"<p>EAN: 4005176874710<\/p>\n<p>SKU:32832000<\/p>\n<p>Svoris: 2.958 kg<\/p>","protected":false},"featured_media":877,"comment_status":"closed","ping_status":"closed","template":"","meta":[],"product_cat":[26,166,169],"product_tag":[],"class_list":{"0":"post-876","1":"product","2":"type-product","3":"status-publish","4":"has-post-thumbnail","6":"produktu-serija-eurosmart-cosmopolitan","7":"produkto-gamintojas-grohe","8":"product_cat-vonios-kambarys","9":"product_cat-vandens-maisytuvai","10":"product_cat-vonios-maisytuvai-vandens-maisytuvai","12":"first","13":"instock","14":"sale","15":"taxable","16":"shipping-taxable","17":"purchasable","18":"product-type-simple"},"_links":{"self":[{"href":"https:\/\/vonia24.com\/ru\/wp-json\/wp\/v2\/product\/876","targetHints":{"allow":["GET"]}}],"collection":[{"href":"https:\/\/vonia24.com\/ru\/wp-json\/wp\/v2\/product"}],"about":[{"href":"https:\/\/vonia24.com\/ru\/wp-json\/wp\/v2\/types\/product"}],"replies":[{"embeddable":true,"href":"https:\/\/vonia24.com\/ru\/wp-json\/wp\/v2\/comments?post=876"}],"wp:featuredmedia":[{"embeddable":true,"href":"https:\/\/vonia24.com\/ru\/wp-json\/wp\/v2\/media\/877"}],"wp:attachment":[{"href":"https:\/\/vonia24.com\/ru\/wp-json\/wp\/v2\/media?parent=876"}],"wp:term":[{"taxonomy":"product_cat","embeddable":true,"href":"https:\/\/vonia24.com\/ru\/wp-json\/wp\/v2\/product_cat?post=876"},{"taxonomy":"product_tag","embeddable":true,"href":"https:\/\/vonia24.com\/ru\/wp-json\/wp\/v2\/product_tag?post=876"}],"curies":[{"name":"wp","href":"https:\/\/api.w.org\/{rel}","templated":true}]}}