{"id":898,"date":"2023-10-05T17:35:52","date_gmt":"2023-10-05T15:35:52","guid":{"rendered":"https:\/\/vonia24.com\/?post_type=product&#038;p=898"},"modified":"2024-07-22T12:08:47","modified_gmt":"2024-07-22T10:08:47","slug":"essence-single-lever-bidet-mixer-size-s","status":"publish","type":"product","link":"https:\/\/vonia24.com\/ru\/product\/essence-single-lever-bidet-mixer-size-s\/","title":{"rendered":"ESSENCE &#8211; VIENO SVERTO BID\u0116 MAI\u0160YTUVAS, DYDIS S"},"content":{"rendered":"<p>Montavimas per vien\u0105 skyl\u0119<br \/>\nMetalin\u0117 svirtis<br \/>\nGROHE SilkMove 28 mm keramin\u0117 galvut\u0117 su temperat\u016bros ribotuvu<br \/>\nGROHE StarLight chromo apdaila<br \/>\nGROHE QuickFix Plus montavimo sistema<br \/>\nAeratorius su rutuline jungtimi<br \/>\nnuotek\u0173 rinkinys su 1 1\/4&#8243; traukimo strypu<br \/>\nlanks\u010dios jungiamosios \u017earnos<br \/>\nminimalus rekomenduojamas sl\u0117gis 1,0 bar<br \/>\nchromo spalva<\/p>","protected":false},"excerpt":{"rendered":"<p>EAN: 4005176332098<\/p>\n<p>SKU:32935001<\/p>\n<p>Svoris: 1.395 kg<\/p>","protected":false},"featured_media":899,"comment_status":"closed","ping_status":"closed","template":"","meta":[],"product_cat":[26,166,173],"product_tag":[],"class_list":{"0":"post-898","1":"product","2":"type-product","3":"status-publish","4":"has-post-thumbnail","6":"produktu-serija-essence-new","7":"produkto-gamintojas-grohe","8":"product_cat-vonios-kambarys","9":"product_cat-vandens-maisytuvai","10":"product_cat-bide-maisytuvai","12":"first","13":"instock","14":"sale","15":"taxable","16":"shipping-taxable","17":"purchasable","18":"product-type-simple"},"_links":{"self":[{"href":"https:\/\/vonia24.com\/ru\/wp-json\/wp\/v2\/product\/898","targetHints":{"allow":["GET"]}}],"collection":[{"href":"https:\/\/vonia24.com\/ru\/wp-json\/wp\/v2\/product"}],"about":[{"href":"https:\/\/vonia24.com\/ru\/wp-json\/wp\/v2\/types\/product"}],"replies":[{"embeddable":true,"href":"https:\/\/vonia24.com\/ru\/wp-json\/wp\/v2\/comments?post=898"}],"wp:featuredmedia":[{"embeddable":true,"href":"https:\/\/vonia24.com\/ru\/wp-json\/wp\/v2\/media\/899"}],"wp:attachment":[{"href":"https:\/\/vonia24.com\/ru\/wp-json\/wp\/v2\/media?parent=898"}],"wp:term":[{"taxonomy":"product_cat","embeddable":true,"href":"https:\/\/vonia24.com\/ru\/wp-json\/wp\/v2\/product_cat?post=898"},{"taxonomy":"product_tag","embeddable":true,"href":"https:\/\/vonia24.com\/ru\/wp-json\/wp\/v2\/product_tag?post=898"}],"curies":[{"name":"wp","href":"https:\/\/api.w.org\/{rel}","templated":true}]}}