{"id":901,"date":"2023-10-05T17:41:50","date_gmt":"2023-10-05T15:41:50","guid":{"rendered":"https:\/\/vonia24.com\/?post_type=product&#038;p=901"},"modified":"2024-07-22T12:08:45","modified_gmt":"2024-07-22T10:08:45","slug":"grohe-essence-basin-mixer-size-s","status":"publish","type":"product","link":"https:\/\/vonia24.com\/ru\/product\/grohe-essence-basin-mixer-size-s\/","title":{"rendered":"GROHE ESSENCE PRAUSTUVO MAI\u0160YTUVAS, S DYDIS"},"content":{"rendered":"<p>Montavimas per vien\u0105 skyl\u0119<br \/>\nMetalin\u0117 svirtis<br \/>\nGROHE SilkMove 28 mm keramin\u0117 galvut\u0117 su temperat\u016bros ribotuvu<br \/>\nGROHE StarLight chromo apdaila<br \/>\nGROHE Eco Joy aeratorius 5,7 l\/min<br \/>\nGROHE QuickFix Plus montavimo sistema<br \/>\nNuotek\u0173 rinkinys su 1 1\/4&#8243; i\u0161traukiamuoju purk\u0161tuku<br \/>\nlanks\u010dios jungiamosios \u017earnos<br \/>\nminimalus rekomenduojamas sl\u0117gis 1,0 bar<br \/>\nchromo spalva<\/p>","protected":false},"excerpt":{"rendered":"<p>EAN: 4005176306860<\/p>\n<p>SKU:32898001<\/p>\n<p>Svoris: 1.62 kg<\/p>","protected":false},"featured_media":902,"comment_status":"closed","ping_status":"closed","template":"","meta":[],"product_cat":[26,166,185],"product_tag":[],"class_list":{"0":"post-901","1":"product","2":"type-product","3":"status-publish","4":"has-post-thumbnail","6":"produktu-serija-essence-new","7":"produkto-gamintojas-grohe","8":"product_cat-vonios-kambarys","9":"product_cat-vandens-maisytuvai","10":"product_cat-praustuvo-maisytuvai-praustuvai","12":"first","13":"instock","14":"sale","15":"taxable","16":"shipping-taxable","17":"purchasable","18":"product-type-simple"},"_links":{"self":[{"href":"https:\/\/vonia24.com\/ru\/wp-json\/wp\/v2\/product\/901","targetHints":{"allow":["GET"]}}],"collection":[{"href":"https:\/\/vonia24.com\/ru\/wp-json\/wp\/v2\/product"}],"about":[{"href":"https:\/\/vonia24.com\/ru\/wp-json\/wp\/v2\/types\/product"}],"replies":[{"embeddable":true,"href":"https:\/\/vonia24.com\/ru\/wp-json\/wp\/v2\/comments?post=901"}],"wp:featuredmedia":[{"embeddable":true,"href":"https:\/\/vonia24.com\/ru\/wp-json\/wp\/v2\/media\/902"}],"wp:attachment":[{"href":"https:\/\/vonia24.com\/ru\/wp-json\/wp\/v2\/media?parent=901"}],"wp:term":[{"taxonomy":"product_cat","embeddable":true,"href":"https:\/\/vonia24.com\/ru\/wp-json\/wp\/v2\/product_cat?post=901"},{"taxonomy":"product_tag","embeddable":true,"href":"https:\/\/vonia24.com\/ru\/wp-json\/wp\/v2\/product_tag?post=901"}],"curies":[{"name":"wp","href":"https:\/\/api.w.org\/{rel}","templated":true}]}}