{"id":915,"date":"2023-10-06T17:24:35","date_gmt":"2023-10-06T15:24:35","guid":{"rendered":"https:\/\/vonia24.com\/?post_type=product&#038;p=915"},"modified":"2024-07-22T12:17:14","modified_gmt":"2024-07-22T10:17:14","slug":"eurostyle-cosmopolitan-single-lever-bath-mixer-wall-mounted","status":"publish","type":"product","link":"https:\/\/vonia24.com\/ru\/product\/eurostyle-cosmopolitan-single-lever-bath-mixer-wall-mounted\/","title":{"rendered":"EUROSTYLE COSMOPOLITAN &#8211; SIENINIS VONIOS MAI\u0160YTUVAS SU VIENU SVERTU"},"content":{"rendered":"<p>Prie sienos tvirtinamas<br \/>\nMetalin\u0117 svirtis<br \/>\nGROHE SilkMove keramin\u0117 galvut\u0117 46 mm<br \/>\nGROHE StarLight chromo apdaila<br \/>\nReguliuojamas srauto ribotuvas<br \/>\nAutomatinis vonios \/ du\u0161o jungiklis<br \/>\naeratorius<br \/>\nintegruotas 1\/2&#8243; atbulinis vo\u017etuvas du\u0161o i\u0161\u0117jime<br \/>\nS jungtys<br \/>\nGr\u012f\u017etamojo srauto prevencija<br \/>\npasirenkamas temperat\u016bros ribotuvas (46 308 000)<br \/>\nI triuk\u0161mo klas\u0117 pagal DIN 4109<br \/>\nminimalus rekomenduojamas sl\u0117gis 1,0 bar<br \/>\nchromo spalva<\/p>","protected":false},"excerpt":{"rendered":"<p>EAN: 4005176887123<\/p>\n<p>SKU:33591002<\/p>\n<p>Svoris: 2.63 kg<\/p>","protected":false},"featured_media":916,"comment_status":"closed","ping_status":"closed","template":"","meta":[],"product_cat":[26,166,169],"product_tag":[],"class_list":{"0":"post-915","1":"product","2":"type-product","3":"status-publish","4":"has-post-thumbnail","6":"produktu-serija-eurostyle-cosmopolitan","7":"produkto-gamintojas-grohe","8":"product_cat-vonios-kambarys","9":"product_cat-vandens-maisytuvai","10":"product_cat-vonios-maisytuvai-vandens-maisytuvai","12":"first","13":"instock","14":"sale","15":"taxable","16":"shipping-taxable","17":"purchasable","18":"product-type-simple"},"_links":{"self":[{"href":"https:\/\/vonia24.com\/ru\/wp-json\/wp\/v2\/product\/915","targetHints":{"allow":["GET"]}}],"collection":[{"href":"https:\/\/vonia24.com\/ru\/wp-json\/wp\/v2\/product"}],"about":[{"href":"https:\/\/vonia24.com\/ru\/wp-json\/wp\/v2\/types\/product"}],"replies":[{"embeddable":true,"href":"https:\/\/vonia24.com\/ru\/wp-json\/wp\/v2\/comments?post=915"}],"wp:featuredmedia":[{"embeddable":true,"href":"https:\/\/vonia24.com\/ru\/wp-json\/wp\/v2\/media\/916"}],"wp:attachment":[{"href":"https:\/\/vonia24.com\/ru\/wp-json\/wp\/v2\/media?parent=915"}],"wp:term":[{"taxonomy":"product_cat","embeddable":true,"href":"https:\/\/vonia24.com\/ru\/wp-json\/wp\/v2\/product_cat?post=915"},{"taxonomy":"product_tag","embeddable":true,"href":"https:\/\/vonia24.com\/ru\/wp-json\/wp\/v2\/product_tag?post=915"}],"curies":[{"name":"wp","href":"https:\/\/api.w.org\/{rel}","templated":true}]}}