{"id":917,"date":"2023-10-06T17:41:57","date_gmt":"2023-10-06T15:41:57","guid":{"rendered":"https:\/\/vonia24.com\/?post_type=product&#038;p=917"},"modified":"2024-07-22T12:08:42","modified_gmt":"2024-07-22T10:08:42","slug":"rainshower-solo-150-shower-set","status":"publish","type":"product","link":"https:\/\/vonia24.com\/ru\/product\/rainshower-solo-150-shower-set\/","title":{"rendered":"RAINSHOWER SOLO 150 &#8211; DU\u0160O RINKINYS"},"content":{"rendered":"<p>Rainshower Solo 150<br \/>\nDu\u0161o rinkinys, 2 pur\u0161kimo re\u017eimai<br \/>\nkomponentai:<br \/>\nRankinis du\u0161as Solo (27 272 000)<br \/>\nDu\u0161o juosta 900 mm (28 819 001)<br \/>\nGROHE QuickFix Plus (reguliuojamas atstumas tarp ranken\u0173, kad tilpt\u0173 \u012f esamas angas)<br \/>\nsu sieniniais laikikliais<br \/>\nSilverflex du\u0161o \u017earna 1750 mm(28 388 000)<br \/>\nDu\u0161o \u017earnos sistema nuo susisukimo Twistfree<br \/>\nAlk\u016bninis adapteris du\u0161o komplektams su atskiru rankiniu du\u0161u<br \/>\nGROHE DreamSpray<br \/>\nChromuota danga su GROHE StarLight<br \/>\nApsaugos nuo kalki\u0173 nuos\u0117d\u0173 sistema SpeedClean<br \/>\nVidinis vandens kanalas<br \/>\nTinka momentiniams vandens \u0161ildytuvams<\/p>","protected":false},"excerpt":{"rendered":"<p>EAN: 4005176875502<\/p>\n<p>SKU:27273001<\/p>\n<p>Svoris: 2.22 kg<\/p>","protected":false},"featured_media":918,"comment_status":"closed","ping_status":"closed","template":"","meta":[],"product_cat":[26,146,163,213],"product_tag":[],"class_list":{"0":"post-917","1":"product","2":"type-product","3":"status-publish","4":"has-post-thumbnail","6":"produktu-serija-rainshower-solo","7":"produkto-gamintojas-grohe","8":"product_cat-vonios-kambarys","9":"product_cat-dusai","10":"product_cat-duso-komplektai-ir-sistemos","11":"product_cat-virstinkines-duso-sistemos","13":"first","14":"instock","15":"sale","16":"taxable","17":"shipping-taxable","18":"purchasable","19":"product-type-simple"},"_links":{"self":[{"href":"https:\/\/vonia24.com\/ru\/wp-json\/wp\/v2\/product\/917","targetHints":{"allow":["GET"]}}],"collection":[{"href":"https:\/\/vonia24.com\/ru\/wp-json\/wp\/v2\/product"}],"about":[{"href":"https:\/\/vonia24.com\/ru\/wp-json\/wp\/v2\/types\/product"}],"replies":[{"embeddable":true,"href":"https:\/\/vonia24.com\/ru\/wp-json\/wp\/v2\/comments?post=917"}],"wp:featuredmedia":[{"embeddable":true,"href":"https:\/\/vonia24.com\/ru\/wp-json\/wp\/v2\/media\/918"}],"wp:attachment":[{"href":"https:\/\/vonia24.com\/ru\/wp-json\/wp\/v2\/media?parent=917"}],"wp:term":[{"taxonomy":"product_cat","embeddable":true,"href":"https:\/\/vonia24.com\/ru\/wp-json\/wp\/v2\/product_cat?post=917"},{"taxonomy":"product_tag","embeddable":true,"href":"https:\/\/vonia24.com\/ru\/wp-json\/wp\/v2\/product_tag?post=917"}],"curies":[{"name":"wp","href":"https:\/\/api.w.org\/{rel}","templated":true}]}}